{"id":11218,"date":"2025-04-06T23:25:52","date_gmt":"2025-04-06T21:25:52","guid":{"rendered":"https:\/\/www.naama-bijoux.fr\/?post_type=product&#038;p=11218"},"modified":"2026-04-12T13:06:24","modified_gmt":"2026-04-12T11:06:24","slug":"creation-bracelet-bordeaux","status":"publish","type":"product","link":"https:\/\/www.naama-bijoux.fr\/index.php\/produit\/creation-bracelet-bordeaux\/","title":{"rendered":"Atelier cr\u00e9ation de bracelet \u00e0 Bordeaux"},"content":{"rendered":"","protected":false},"excerpt":{"rendered":"<p>Apprenez \u00e0 cr\u00e9er votre propre bracelet lors d\u2019un atelier cr\u00e9atif et convivial \u00e0 Bordeaux.<br \/>\nChoisissez vos charms, vos couleurs et votre style pour repartir avec un bijou unique qui vous ressemble.<\/p>\n<p>\ud83d\udccd Lieu : Bordeaux<br \/>\nadresse communiqu\u00e9e apr\u00e8s r\u00e9servation<\/p>\n<p>\ud83d\udcc5 Date : \u00c0 d\u00e9finir ensemble<\/p>\n<p>\u23f0 Dur\u00e9e : Environ 2 heures<\/p>\n<p>Inclus :<br \/>\n\u2022 La cr\u00e9ation de votre bracelet personnalis\u00e9 en acier inoxydable dor\u00e9 ou argent\u00e9<br \/>\n\u2022 Tous les mat\u00e9riaux fournis<br \/>\n\u2022 Conseils et accompagnement<br \/>\n\u2022 Un moment cr\u00e9atif et convivial<\/p>\n<p>Accessible aux d\u00e9butants.<\/p>\n","protected":false},"featured_media":11156,"comment_status":"open","ping_status":"closed","template":"","meta":{"advanced_seo_description":"","jetpack_seo_html_title":"","jetpack_seo_noindex":false,"jetpack_post_was_ever_published":false,"jetpack_publicize_message":"","jetpack_publicize_feature_enabled":true,"jetpack_social_post_already_shared":true,"jetpack_social_options":{"image_generator_settings":{"template":"highway","default_image_id":0,"font":"","enabled":false},"version":2}},"product_brand":[],"product_cat":[400],"product_tag":[344,345],"class_list":{"0":"post-11218","1":"product","2":"type-product","3":"status-publish","4":"has-post-thumbnail","6":"product_cat-creer-un-bracelet","7":"product_tag-atelier-bijoux","8":"product_tag-bordeaux-creatif","10":"first","11":"instock","12":"downloadable","13":"virtual","14":"taxable","15":"purchasable","16":"product-type-simple"},"jetpack_publicize_connections":[],"jetpack-related-posts":[],"jetpack_likes_enabled":true,"jetpack_sharing_enabled":true,"_links":{"self":[{"href":"https:\/\/www.naama-bijoux.fr\/index.php\/wp-json\/wp\/v2\/product\/11218","targetHints":{"allow":["GET"]}}],"collection":[{"href":"https:\/\/www.naama-bijoux.fr\/index.php\/wp-json\/wp\/v2\/product"}],"about":[{"href":"https:\/\/www.naama-bijoux.fr\/index.php\/wp-json\/wp\/v2\/types\/product"}],"replies":[{"embeddable":true,"href":"https:\/\/www.naama-bijoux.fr\/index.php\/wp-json\/wp\/v2\/comments?post=11218"}],"wp:featuredmedia":[{"embeddable":true,"href":"https:\/\/www.naama-bijoux.fr\/index.php\/wp-json\/wp\/v2\/media\/11156"}],"wp:attachment":[{"href":"https:\/\/www.naama-bijoux.fr\/index.php\/wp-json\/wp\/v2\/media?parent=11218"}],"wp:term":[{"taxonomy":"product_brand","embeddable":true,"href":"https:\/\/www.naama-bijoux.fr\/index.php\/wp-json\/wp\/v2\/product_brand?post=11218"},{"taxonomy":"product_cat","embeddable":true,"href":"https:\/\/www.naama-bijoux.fr\/index.php\/wp-json\/wp\/v2\/product_cat?post=11218"},{"taxonomy":"product_tag","embeddable":true,"href":"https:\/\/www.naama-bijoux.fr\/index.php\/wp-json\/wp\/v2\/product_tag?post=11218"}],"curies":[{"name":"wp","href":"https:\/\/api.w.org\/{rel}","templated":true}]}}