{"id":11214,"date":"2025-04-06T21:56:49","date_gmt":"2025-04-06T19:56:49","guid":{"rendered":"https:\/\/www.naama-bijoux.fr\/?post_type=product&#038;p=11214"},"modified":"2025-12-29T17:23:09","modified_gmt":"2025-12-29T16:23:09","slug":"collier-pendentif-fleur-argentee","status":"publish","type":"product","link":"https:\/\/www.naama-bijoux.fr\/index.php\/produit\/collier-pendentif-fleur-argentee\/","title":{"rendered":"Collier Pendentif Fleur Argent\u00e9e"},"content":{"rendered":"","protected":false},"excerpt":{"rendered":"<p>Ce collier est mont\u00e9 sur une cha\u00eene grosse maille<\/p>\n<p>Caract\u00e9ristiques :<\/p>\n<p>Diam\u00e8tre pendentif : 40 mm<\/p>\n<p>Mati\u00e8re : acier inoxydable<\/p>\n<p>Longueur : ( 38-45 cm )<\/p>\n<p>Cha\u00eenette de rallonge : 5 cm<\/p>\n<p>Fermoir mousqueton<\/p>\n<p>Le collier pendentif fleur est un accessoire magnifique qui peut compl\u00e9ter n&rsquo;importe quelle tenue tout en ajoutant une touche de charme et de f\u00e9minit\u00e9 !<\/p>\n","protected":false},"featured_media":12313,"comment_status":"open","ping_status":"closed","template":"","meta":{"advanced_seo_description":"","jetpack_seo_html_title":"","jetpack_seo_noindex":false,"jetpack_post_was_ever_published":false,"jetpack_publicize_message":"","jetpack_publicize_feature_enabled":true,"jetpack_social_post_already_shared":true,"jetpack_social_options":{"image_generator_settings":{"template":"highway","default_image_id":0,"font":"","enabled":false},"version":2}},"product_brand":[],"product_cat":[22,56],"product_tag":[272,96,155],"class_list":{"0":"post-11214","1":"product","2":"type-product","3":"status-publish","4":"has-post-thumbnail","6":"product_cat-colliers","7":"product_cat-pieces-uniques","8":"product_tag-bijoux-createurs","9":"product_tag-collier-acier-inoxydable","10":"product_tag-collier-chic","12":"first","13":"instock","14":"taxable","15":"shipping-taxable","16":"purchasable","17":"product-type-simple"},"jetpack_publicize_connections":[],"jetpack-related-posts":[],"jetpack_likes_enabled":true,"jetpack_sharing_enabled":true,"_links":{"self":[{"href":"https:\/\/www.naama-bijoux.fr\/index.php\/wp-json\/wp\/v2\/product\/11214","targetHints":{"allow":["GET"]}}],"collection":[{"href":"https:\/\/www.naama-bijoux.fr\/index.php\/wp-json\/wp\/v2\/product"}],"about":[{"href":"https:\/\/www.naama-bijoux.fr\/index.php\/wp-json\/wp\/v2\/types\/product"}],"replies":[{"embeddable":true,"href":"https:\/\/www.naama-bijoux.fr\/index.php\/wp-json\/wp\/v2\/comments?post=11214"}],"wp:featuredmedia":[{"embeddable":true,"href":"https:\/\/www.naama-bijoux.fr\/index.php\/wp-json\/wp\/v2\/media\/12313"}],"wp:attachment":[{"href":"https:\/\/www.naama-bijoux.fr\/index.php\/wp-json\/wp\/v2\/media?parent=11214"}],"wp:term":[{"taxonomy":"product_brand","embeddable":true,"href":"https:\/\/www.naama-bijoux.fr\/index.php\/wp-json\/wp\/v2\/product_brand?post=11214"},{"taxonomy":"product_cat","embeddable":true,"href":"https:\/\/www.naama-bijoux.fr\/index.php\/wp-json\/wp\/v2\/product_cat?post=11214"},{"taxonomy":"product_tag","embeddable":true,"href":"https:\/\/www.naama-bijoux.fr\/index.php\/wp-json\/wp\/v2\/product_tag?post=11214"}],"curies":[{"name":"wp","href":"https:\/\/api.w.org\/{rel}","templated":true}]}}