{"id":10933,"date":"2024-11-18T14:32:12","date_gmt":"2024-11-18T13:32:12","guid":{"rendered":"https:\/\/www.naama-bijoux.fr\/?post_type=product&#038;p=10933"},"modified":"2025-12-03T19:33:33","modified_gmt":"2025-12-03T18:33:33","slug":"boucles-doreilles-gouttes-vertes","status":"publish","type":"product","link":"https:\/\/www.naama-bijoux.fr\/index.php\/produit\/boucles-doreilles-gouttes-vertes\/","title":{"rendered":"Boucles D&rsquo;oreilles Gouttes Vertes"},"content":{"rendered":"","protected":false},"excerpt":{"rendered":"<p>Boucles d&rsquo;oreilles en forme de fleurs, orn\u00e9es de gouttes vertes en verre<\/p>\n<p>Caract\u00e9ristiques :<\/p>\n<p>Mati\u00e8re : acier inoxydable<\/p>\n<p>Longueur : 3 cm<\/p>\n<p>Ces boucles d&rsquo;oreilles ajoutent une touche d&rsquo;\u00e9l\u00e9gance \u00e0 votre tenue !<\/p>\n","protected":false},"featured_media":12523,"comment_status":"open","ping_status":"closed","template":"","meta":{"advanced_seo_description":"","jetpack_seo_html_title":"","jetpack_seo_noindex":false,"jetpack_post_was_ever_published":false,"jetpack_publicize_message":"","jetpack_publicize_feature_enabled":true,"jetpack_social_post_already_shared":false,"jetpack_social_options":{"image_generator_settings":{"template":"highway","default_image_id":0,"font":"","enabled":false},"version":2}},"product_brand":[],"product_cat":[23,56],"product_tag":[42,318,396,397],"class_list":{"0":"post-10933","1":"product","2":"type-product","3":"status-publish","4":"has-post-thumbnail","6":"product_cat-boucles-doreilles","7":"product_cat-pieces-uniques","8":"product_tag-boucles-doreilles","9":"product_tag-fait-main","10":"product_tag-fleurs","11":"product_tag-gouttes-vertes","13":"first","14":"instock","15":"purchasable","16":"product-type-simple"},"jetpack_publicize_connections":[],"jetpack-related-posts":[],"jetpack_likes_enabled":true,"jetpack_sharing_enabled":true,"_links":{"self":[{"href":"https:\/\/www.naama-bijoux.fr\/index.php\/wp-json\/wp\/v2\/product\/10933","targetHints":{"allow":["GET"]}}],"collection":[{"href":"https:\/\/www.naama-bijoux.fr\/index.php\/wp-json\/wp\/v2\/product"}],"about":[{"href":"https:\/\/www.naama-bijoux.fr\/index.php\/wp-json\/wp\/v2\/types\/product"}],"replies":[{"embeddable":true,"href":"https:\/\/www.naama-bijoux.fr\/index.php\/wp-json\/wp\/v2\/comments?post=10933"}],"wp:featuredmedia":[{"embeddable":true,"href":"https:\/\/www.naama-bijoux.fr\/index.php\/wp-json\/wp\/v2\/media\/12523"}],"wp:attachment":[{"href":"https:\/\/www.naama-bijoux.fr\/index.php\/wp-json\/wp\/v2\/media?parent=10933"}],"wp:term":[{"taxonomy":"product_brand","embeddable":true,"href":"https:\/\/www.naama-bijoux.fr\/index.php\/wp-json\/wp\/v2\/product_brand?post=10933"},{"taxonomy":"product_cat","embeddable":true,"href":"https:\/\/www.naama-bijoux.fr\/index.php\/wp-json\/wp\/v2\/product_cat?post=10933"},{"taxonomy":"product_tag","embeddable":true,"href":"https:\/\/www.naama-bijoux.fr\/index.php\/wp-json\/wp\/v2\/product_tag?post=10933"}],"curies":[{"name":"wp","href":"https:\/\/api.w.org\/{rel}","templated":true}]}}