{"id":10929,"date":"2024-11-18T14:23:07","date_gmt":"2024-11-18T13:23:07","guid":{"rendered":"https:\/\/www.naama-bijoux.fr\/?post_type=product&#038;p=10929"},"modified":"2025-12-16T23:22:40","modified_gmt":"2025-12-16T22:22:40","slug":"bracelet-pampilles-noires","status":"publish","type":"product","link":"https:\/\/www.naama-bijoux.fr\/index.php\/produit\/bracelet-pampilles-noires\/","title":{"rendered":"Bracelet Pampilles Noires"},"content":{"rendered":"","protected":false},"excerpt":{"rendered":"<p>Bracelet orn\u00e9 de petites pampilles noires en r\u00e9sine <\/p>\n<p>Caract\u00e9ristiques :<\/p>\n<p>Mati\u00e8re : acier inoxydable<\/p>\n<p>Taille ajustable pour convenir \u00e0 tous les poignets<\/p>\n<p>Ce bracelet l\u00e9ger est id\u00e9al pour un usage quotidien ou pour des occasions sp\u00e9ciales !<\/p>\n","protected":false},"featured_media":12250,"comment_status":"open","ping_status":"closed","template":"","meta":{"advanced_seo_description":"","jetpack_seo_html_title":"","jetpack_seo_noindex":false,"jetpack_post_was_ever_published":false,"jetpack_publicize_message":"","jetpack_publicize_feature_enabled":true,"jetpack_social_post_already_shared":false,"jetpack_social_options":{"image_generator_settings":{"template":"highway","default_image_id":0,"font":"","enabled":false},"version":2}},"product_brand":[],"product_cat":[24,56],"product_tag":[39,391],"class_list":{"0":"post-10929","1":"product","2":"type-product","3":"status-publish","4":"has-post-thumbnail","6":"product_cat-bracelets","7":"product_cat-pieces-uniques","8":"product_tag-acier-inoxydable","9":"product_tag-bijoux-createur","11":"first","12":"instock","13":"purchasable","14":"product-type-simple"},"jetpack_publicize_connections":[],"jetpack-related-posts":[],"jetpack_likes_enabled":true,"jetpack_sharing_enabled":true,"_links":{"self":[{"href":"https:\/\/www.naama-bijoux.fr\/index.php\/wp-json\/wp\/v2\/product\/10929","targetHints":{"allow":["GET"]}}],"collection":[{"href":"https:\/\/www.naama-bijoux.fr\/index.php\/wp-json\/wp\/v2\/product"}],"about":[{"href":"https:\/\/www.naama-bijoux.fr\/index.php\/wp-json\/wp\/v2\/types\/product"}],"replies":[{"embeddable":true,"href":"https:\/\/www.naama-bijoux.fr\/index.php\/wp-json\/wp\/v2\/comments?post=10929"}],"wp:featuredmedia":[{"embeddable":true,"href":"https:\/\/www.naama-bijoux.fr\/index.php\/wp-json\/wp\/v2\/media\/12250"}],"wp:attachment":[{"href":"https:\/\/www.naama-bijoux.fr\/index.php\/wp-json\/wp\/v2\/media?parent=10929"}],"wp:term":[{"taxonomy":"product_brand","embeddable":true,"href":"https:\/\/www.naama-bijoux.fr\/index.php\/wp-json\/wp\/v2\/product_brand?post=10929"},{"taxonomy":"product_cat","embeddable":true,"href":"https:\/\/www.naama-bijoux.fr\/index.php\/wp-json\/wp\/v2\/product_cat?post=10929"},{"taxonomy":"product_tag","embeddable":true,"href":"https:\/\/www.naama-bijoux.fr\/index.php\/wp-json\/wp\/v2\/product_tag?post=10929"}],"curies":[{"name":"wp","href":"https:\/\/api.w.org\/{rel}","templated":true}]}}