{"id":10903,"date":"2024-11-16T14:20:20","date_gmt":"2024-11-16T13:20:20","guid":{"rendered":"https:\/\/www.naama-bijoux.fr\/?post_type=product&#038;p=10903"},"modified":"2025-12-16T23:29:40","modified_gmt":"2025-12-16T22:29:40","slug":"bracelet-breloques","status":"publish","type":"product","link":"https:\/\/www.naama-bijoux.fr\/index.php\/produit\/bracelet-breloques\/","title":{"rendered":"Bracelet Breloques"},"content":{"rendered":"","protected":false},"excerpt":{"rendered":"<p>Bracelet agr\u00e9ment\u00e9 de breloques fleurs &#038; \u00e9l\u00e9phants<\/p>\n<p>Caract\u00e9ristiques :<\/p>\n<p>Mati\u00e8re : acier inoxydable<\/p>\n<p>Taille ajustable pour convenir \u00e0 tous les poignets<\/p>\n<p>Ce joli bracelet est parfait pour ajouter une touche unique \u00e0 votre style quotidien.<\/p>\n","protected":false},"featured_media":12438,"comment_status":"open","ping_status":"closed","template":"","meta":{"advanced_seo_description":"","jetpack_seo_html_title":"","jetpack_seo_noindex":false,"jetpack_post_was_ever_published":false,"jetpack_publicize_message":"","jetpack_publicize_feature_enabled":true,"jetpack_social_post_already_shared":false,"jetpack_social_options":{"image_generator_settings":{"template":"highway","default_image_id":0,"font":"","enabled":false},"version":2}},"product_brand":[],"product_cat":[24,56],"product_tag":[202,272,328,393],"class_list":{"0":"post-10903","1":"product","2":"type-product","3":"status-publish","4":"has-post-thumbnail","6":"product_cat-bracelets","7":"product_cat-pieces-uniques","8":"product_tag-bijou-tendance","9":"product_tag-bijoux-createurs","10":"product_tag-bracelet","11":"product_tag-made-in-france","13":"first","14":"instock","15":"purchasable","16":"product-type-simple"},"jetpack_publicize_connections":[],"jetpack-related-posts":[],"jetpack_likes_enabled":true,"jetpack_sharing_enabled":true,"_links":{"self":[{"href":"https:\/\/www.naama-bijoux.fr\/index.php\/wp-json\/wp\/v2\/product\/10903","targetHints":{"allow":["GET"]}}],"collection":[{"href":"https:\/\/www.naama-bijoux.fr\/index.php\/wp-json\/wp\/v2\/product"}],"about":[{"href":"https:\/\/www.naama-bijoux.fr\/index.php\/wp-json\/wp\/v2\/types\/product"}],"replies":[{"embeddable":true,"href":"https:\/\/www.naama-bijoux.fr\/index.php\/wp-json\/wp\/v2\/comments?post=10903"}],"wp:featuredmedia":[{"embeddable":true,"href":"https:\/\/www.naama-bijoux.fr\/index.php\/wp-json\/wp\/v2\/media\/12438"}],"wp:attachment":[{"href":"https:\/\/www.naama-bijoux.fr\/index.php\/wp-json\/wp\/v2\/media?parent=10903"}],"wp:term":[{"taxonomy":"product_brand","embeddable":true,"href":"https:\/\/www.naama-bijoux.fr\/index.php\/wp-json\/wp\/v2\/product_brand?post=10903"},{"taxonomy":"product_cat","embeddable":true,"href":"https:\/\/www.naama-bijoux.fr\/index.php\/wp-json\/wp\/v2\/product_cat?post=10903"},{"taxonomy":"product_tag","embeddable":true,"href":"https:\/\/www.naama-bijoux.fr\/index.php\/wp-json\/wp\/v2\/product_tag?post=10903"}],"curies":[{"name":"wp","href":"https:\/\/api.w.org\/{rel}","templated":true}]}}