{"id":10867,"date":"2024-11-05T12:34:57","date_gmt":"2024-11-05T11:34:57","guid":{"rendered":"https:\/\/www.naama-bijoux.fr\/?post_type=product&#038;p=10867"},"modified":"2025-12-03T19:58:11","modified_gmt":"2025-12-03T18:58:11","slug":"collier-argente-breloques-fleurs","status":"publish","type":"product","link":"https:\/\/www.naama-bijoux.fr\/index.php\/produit\/collier-argente-breloques-fleurs\/","title":{"rendered":"Collier Perles Gouttes Blanches"},"content":{"rendered":"","protected":false},"excerpt":{"rendered":"<p>Ce collier est mont\u00e9 sur une cha\u00eene grosse maille agr\u00e9ment\u00e9 de perles gouttes nacr\u00e9es<\/p>\n<p>Caract\u00e9ristiques :<\/p>\n<p>Mati\u00e8re : acier inoxydable<\/p>\n<p>Longueur : ( 38-45 cm )<\/p>\n<p>Cha\u00eenette de rallonge : 5 cm<\/p>\n<p>Fermoir mousqueton<\/p>\n<p>Que ce soit pour une occasion sp\u00e9ciale, ou simplement pour le quotidien, ce collier s&rsquo;adapte \u00e0 tous les styles.<\/p>\n","protected":false},"featured_media":12325,"comment_status":"open","ping_status":"closed","template":"","meta":{"advanced_seo_description":"","jetpack_seo_html_title":"","jetpack_seo_noindex":false,"jetpack_post_was_ever_published":false,"jetpack_publicize_message":"","jetpack_publicize_feature_enabled":true,"jetpack_social_post_already_shared":false,"jetpack_social_options":{"image_generator_settings":{"template":"highway","default_image_id":0,"font":"","enabled":false},"version":2}},"product_brand":[],"product_cat":[22,56],"product_tag":[261],"class_list":{"0":"post-10867","1":"product","2":"type-product","3":"status-publish","4":"has-post-thumbnail","6":"product_cat-colliers","7":"product_cat-pieces-uniques","8":"product_tag-collier-breloques","10":"first","11":"instock","12":"purchasable","13":"product-type-simple"},"jetpack_publicize_connections":[],"jetpack-related-posts":[],"jetpack_likes_enabled":true,"jetpack_sharing_enabled":true,"_links":{"self":[{"href":"https:\/\/www.naama-bijoux.fr\/index.php\/wp-json\/wp\/v2\/product\/10867","targetHints":{"allow":["GET"]}}],"collection":[{"href":"https:\/\/www.naama-bijoux.fr\/index.php\/wp-json\/wp\/v2\/product"}],"about":[{"href":"https:\/\/www.naama-bijoux.fr\/index.php\/wp-json\/wp\/v2\/types\/product"}],"replies":[{"embeddable":true,"href":"https:\/\/www.naama-bijoux.fr\/index.php\/wp-json\/wp\/v2\/comments?post=10867"}],"wp:featuredmedia":[{"embeddable":true,"href":"https:\/\/www.naama-bijoux.fr\/index.php\/wp-json\/wp\/v2\/media\/12325"}],"wp:attachment":[{"href":"https:\/\/www.naama-bijoux.fr\/index.php\/wp-json\/wp\/v2\/media?parent=10867"}],"wp:term":[{"taxonomy":"product_brand","embeddable":true,"href":"https:\/\/www.naama-bijoux.fr\/index.php\/wp-json\/wp\/v2\/product_brand?post=10867"},{"taxonomy":"product_cat","embeddable":true,"href":"https:\/\/www.naama-bijoux.fr\/index.php\/wp-json\/wp\/v2\/product_cat?post=10867"},{"taxonomy":"product_tag","embeddable":true,"href":"https:\/\/www.naama-bijoux.fr\/index.php\/wp-json\/wp\/v2\/product_tag?post=10867"}],"curies":[{"name":"wp","href":"https:\/\/api.w.org\/{rel}","templated":true}]}}