{"id":10846,"date":"2024-10-12T15:19:45","date_gmt":"2024-10-12T13:19:45","guid":{"rendered":"https:\/\/www.naama-bijoux.fr\/?post_type=product&#038;p=10846"},"modified":"2025-11-23T13:51:45","modified_gmt":"2025-11-23T12:51:45","slug":"collier-perles-blanches","status":"publish","type":"product","link":"https:\/\/www.naama-bijoux.fr\/index.php\/produit\/collier-perles-blanches\/","title":{"rendered":"Collier Perles Blanches"},"content":{"rendered":"","protected":false},"excerpt":{"rendered":"<p>Collier mont\u00e9 sur une cha\u00eene perl\u00e9e en imitation nacre<\/p>\n<p>Caract\u00e9ristiques :<\/p>\n<p>Mati\u00e8re : acier inoxydable<\/p>\n<p>Longueur : ( 38-45 cm )<\/p>\n<p>Fermoir mousqueton<\/p>\n<p>Ce collier est id\u00e9al pour le quotidien ou les occasions sp\u00e9ciales, ce collier s&rsquo;adapte \u00e0 tous les styles.<\/p>\n","protected":false},"featured_media":12452,"comment_status":"open","ping_status":"closed","template":"","meta":{"advanced_seo_description":"","jetpack_seo_html_title":"","jetpack_seo_noindex":false,"jetpack_post_was_ever_published":false,"jetpack_publicize_message":"","jetpack_publicize_feature_enabled":true,"jetpack_social_post_already_shared":false,"jetpack_social_options":{"image_generator_settings":{"template":"highway","default_image_id":0,"font":"","enabled":false},"version":2}},"product_brand":[],"product_cat":[22,56],"product_tag":[272,267,287],"class_list":{"0":"post-10846","1":"product","2":"type-product","3":"status-publish","4":"has-post-thumbnail","6":"product_cat-colliers","7":"product_cat-pieces-uniques","8":"product_tag-bijoux-createurs","9":"product_tag-bijoux-faits-main","10":"product_tag-collier-elegant","12":"first","13":"instock","14":"purchasable","15":"product-type-simple"},"jetpack_publicize_connections":[],"jetpack-related-posts":[],"jetpack_likes_enabled":true,"jetpack_sharing_enabled":true,"_links":{"self":[{"href":"https:\/\/www.naama-bijoux.fr\/index.php\/wp-json\/wp\/v2\/product\/10846","targetHints":{"allow":["GET"]}}],"collection":[{"href":"https:\/\/www.naama-bijoux.fr\/index.php\/wp-json\/wp\/v2\/product"}],"about":[{"href":"https:\/\/www.naama-bijoux.fr\/index.php\/wp-json\/wp\/v2\/types\/product"}],"replies":[{"embeddable":true,"href":"https:\/\/www.naama-bijoux.fr\/index.php\/wp-json\/wp\/v2\/comments?post=10846"}],"wp:featuredmedia":[{"embeddable":true,"href":"https:\/\/www.naama-bijoux.fr\/index.php\/wp-json\/wp\/v2\/media\/12452"}],"wp:attachment":[{"href":"https:\/\/www.naama-bijoux.fr\/index.php\/wp-json\/wp\/v2\/media?parent=10846"}],"wp:term":[{"taxonomy":"product_brand","embeddable":true,"href":"https:\/\/www.naama-bijoux.fr\/index.php\/wp-json\/wp\/v2\/product_brand?post=10846"},{"taxonomy":"product_cat","embeddable":true,"href":"https:\/\/www.naama-bijoux.fr\/index.php\/wp-json\/wp\/v2\/product_cat?post=10846"},{"taxonomy":"product_tag","embeddable":true,"href":"https:\/\/www.naama-bijoux.fr\/index.php\/wp-json\/wp\/v2\/product_tag?post=10846"}],"curies":[{"name":"wp","href":"https:\/\/api.w.org\/{rel}","templated":true}]}}