{"id":10621,"date":"2024-08-31T02:53:24","date_gmt":"2024-08-31T00:53:24","guid":{"rendered":"https:\/\/www.naama-bijoux.fr\/?post_type=product&#038;p=10621"},"modified":"2025-12-03T20:07:01","modified_gmt":"2025-12-03T19:07:01","slug":"collier-etoile-gouttes-blanches","status":"publish","type":"product","link":"https:\/\/www.naama-bijoux.fr\/index.php\/produit\/collier-etoile-gouttes-blanches\/","title":{"rendered":"Collier \u00c9toile Gouttes Blanches"},"content":{"rendered":"","protected":false},"excerpt":{"rendered":"<p>Ce collier pendentif \u00e9toile est mont\u00e9 sur une cha\u00eene maille fantaisie agr\u00e9ment\u00e9 de perles gouttes nacr\u00e9es<\/p>\n<p>Caract\u00e9ristiques :<\/p>\n<p>Mati\u00e8re : acier inoxydable<\/p>\n<p>Longueur : ( 38-45 cm )<\/p>\n<p>Cha\u00eenette de rallonge : 5 cm<\/p>\n<p>Fermoir mousqueton<\/p>\n<p>Ce collier \u00e0 l&rsquo;allure chic est parfait pour rehausser toutes vos tenues !<\/p>\n","protected":false},"featured_media":12457,"comment_status":"open","ping_status":"closed","template":"","meta":{"advanced_seo_description":"","jetpack_seo_html_title":"","jetpack_seo_noindex":false,"jetpack_post_was_ever_published":false,"jetpack_publicize_message":"","jetpack_publicize_feature_enabled":true,"jetpack_social_post_already_shared":true,"jetpack_social_options":{"image_generator_settings":{"template":"highway","default_image_id":0,"font":"","enabled":false},"version":2}},"product_brand":[],"product_cat":[22,56],"product_tag":[257,155],"class_list":{"0":"post-10621","1":"product","2":"type-product","3":"status-publish","4":"has-post-thumbnail","6":"product_cat-colliers","7":"product_cat-pieces-uniques","8":"product_tag-bijou-acier-inoxydable","9":"product_tag-collier-chic","11":"first","12":"instock","13":"purchasable","14":"product-type-simple"},"jetpack_publicize_connections":[],"jetpack-related-posts":[],"jetpack_likes_enabled":true,"jetpack_sharing_enabled":true,"_links":{"self":[{"href":"https:\/\/www.naama-bijoux.fr\/index.php\/wp-json\/wp\/v2\/product\/10621","targetHints":{"allow":["GET"]}}],"collection":[{"href":"https:\/\/www.naama-bijoux.fr\/index.php\/wp-json\/wp\/v2\/product"}],"about":[{"href":"https:\/\/www.naama-bijoux.fr\/index.php\/wp-json\/wp\/v2\/types\/product"}],"replies":[{"embeddable":true,"href":"https:\/\/www.naama-bijoux.fr\/index.php\/wp-json\/wp\/v2\/comments?post=10621"}],"wp:featuredmedia":[{"embeddable":true,"href":"https:\/\/www.naama-bijoux.fr\/index.php\/wp-json\/wp\/v2\/media\/12457"}],"wp:attachment":[{"href":"https:\/\/www.naama-bijoux.fr\/index.php\/wp-json\/wp\/v2\/media?parent=10621"}],"wp:term":[{"taxonomy":"product_brand","embeddable":true,"href":"https:\/\/www.naama-bijoux.fr\/index.php\/wp-json\/wp\/v2\/product_brand?post=10621"},{"taxonomy":"product_cat","embeddable":true,"href":"https:\/\/www.naama-bijoux.fr\/index.php\/wp-json\/wp\/v2\/product_cat?post=10621"},{"taxonomy":"product_tag","embeddable":true,"href":"https:\/\/www.naama-bijoux.fr\/index.php\/wp-json\/wp\/v2\/product_tag?post=10621"}],"curies":[{"name":"wp","href":"https:\/\/api.w.org\/{rel}","templated":true}]}}