{"id":841,"date":"2020-07-28T09:02:08","date_gmt":"2020-07-28T09:02:08","guid":{"rendered":"https:\/\/demo.creativethemes.com\/brizy\/modern-shop\/?page_id=841"},"modified":"2026-04-06T21:40:18","modified_gmt":"2026-04-06T19:40:18","slug":"about-us","status":"publish","type":"page","link":"https:\/\/www.naama-bijoux.fr\/index.php\/shop\/about-us\/","title":{"rendered":"\u00c0 propos de moi"},"content":{"rendered":"<div class=\"brz brz-root__container brz-reset-all brz-root__container-page\">\n<section id=\"bvqcxbkqiyrdxhcwlrushepqlrbwjnodyxed_bvqcxbkqiyrdxhcwlrushepqlrbwjnodyxed\" class=\"brz-section brz-css-d-section brz-css-wee683\">\n<div class=\"brz-section__content brz-section--boxed brz-css-d-sectionitem-bg brz-css-sldwhz\" data-brz-custom-id=\"asqlqdxsnxdbzabuhvbbpntbfudsxpdfdpar\">\n<div class=\"brz-bg\">\n<div class=\"brz-bg-color\"><\/div>\n<\/div>\n<div class=\"brz-container brz-css-d-sectionitem-container brz-css-14nwe5f\">\n<div id=\"\" class=\"brz-css-d-wrapper brz-css-p4zhx9 brz-wrapper\">\n<div class=\"brz-image brz-css-d-image-gusyg4tpgyts-parent brz-css-xesplm\" data-brz-custom-id=\"gUsyG4tPgYTS\"><img data-recalc-dims=\"1\" decoding=\"async\" class=\"brz-img\" src=\"https:\/\/i0.wp.com\/www.naama-bijoux.fr\/wp-content\/uploads\/2025\/11\/4657ae9d-b539-4ac8-8a00-e186d114c22b-scaled.jpg?w=1290&#038;ssl=1\" loading=\"lazy\" title=\"Atelier bijoux \u00e0 Bordeaux\"><\/div>\n<\/div>\n<div class=\"brz-row__container brz-css-d-row-row brz-css-5hpds6\" data-brz-custom-id=\"sIiRZpX0h8vJ\">\n<div class=\"brz-row brz-css-d-row-container brz-css-r-row-container brz-css-1e1mu9o\">\n<div class=\"brz-columns brz-css-d-column-column brz-css-1t8n4pd\" data-brz-custom-id=\"zsyrUWz4BYbl\">\n<div class=\"brz-column__items brz-css-d-column-bg brz-css-1n2gxbp\"><\/div>\n<\/div>\n<\/div>\n<\/div>\n<div class=\"brz-row__container brz-css-d-row-row brz-css-1bj14u5\" data-brz-custom-id=\"mohpzqjrsvdwubgkrggdxvubkrpjpukftxqo\">\n<div class=\"brz-row brz-css-d-row-container brz-css-r-row-container brz-css-1ykew1u\">\n<div class=\"brz-columns brz-css-d-column-column brz-css-505prt\" data-brz-custom-id=\"bjheivwtdsxnromkptrxzwtdegtodgyhpqiv\">\n<div class=\"brz-column__items brz-css-d-column-bg brz-css-1t8rijv\">\n<div id=\"\" class=\"brz-css-d-wrapper brz-css-1uecysn brz-wrapper\">\n<div class=\"brz-rich-text brz-rich-text__custom brz-css-d-richtext brz-css-x4cesl\" data-brz-custom-id=\"qynuvptdkqjjsvikgchpyntbluchknieuayl\">\n<div data-brz-translate-text=\"1\">\n<p class=\"brz-text-sm-center brz-text-xs-center brz-tp-lg-empty brz-fs-lg-20 brz-fss-lg-px brz-fw-lg-900 brz-ls-lg-0 brz-lh-lg-1_4 brz-vfw-lg-400 brz-fwdth-lg-100 brz-fsft-lg-0 brz-fss-xs-px brz-fw-xs-900 brz-ls-xs-0 brz-lh-xs-1_4 brz-vfw-xs-400 brz-fwdth-xs-100 brz-fsft-xs-0 brz-ff-roboto brz-ft-google brz-tp-xs-empty brz-fs-xs-17 brz-css-rpph9\" data-generated-css=\"brz-css-rz2oG\" data-uniq-id=\"e6JTE\">Nathalie Dahan <\/p>\n<p class=\"brz-text-sm-center brz-text-xs-center brz-tp-lg-empty brz-fs-lg-20 brz-fss-lg-px brz-fw-lg-900 brz-ls-lg-0 brz-lh-lg-1_4 brz-vfw-lg-400 brz-fwdth-lg-100 brz-fsft-lg-0 brz-fss-xs-px brz-fw-xs-900 brz-ls-xs-0 brz-lh-xs-1_4 brz-vfw-xs-400 brz-fwdth-xs-100 brz-fsft-xs-0 brz-ff-roboto brz-ft-google brz-tp-xs-empty brz-fs-xs-17 brz-css-hkxuK\" data-generated-css=\"brz-css-rz2oG\" data-uniq-id=\"e6JTE\">Cr\u00e9atrice de Bijoux Personnalis\u00e9s<\/p>\n<p class=\"brz-text-sm-center brz-text-xs-center brz-tp-lg-empty brz-fs-lg-20 brz-fss-lg-px brz-fw-lg-900 brz-ls-lg-0 brz-lh-lg-1_4 brz-vfw-lg-400 brz-fwdth-lg-100 brz-fsft-lg-0 brz-fss-xs-px brz-fw-xs-900 brz-ls-xs-0 brz-lh-xs-1_4 brz-vfw-xs-400 brz-fwdth-xs-100 brz-fsft-xs-0 brz-ff-roboto brz-ft-google brz-tp-xs-empty brz-fs-xs-17 brz-css-l9Yo0\" data-generated-css=\"brz-css-rz2oG\" data-uniq-id=\"e6JTE\">Au COEUR de la r\u00e9gion Bordelaise <\/p>\n<\/div>\n<\/div>\n<\/div>\n<div id=\"\" class=\"brz-css-d-wrapper brz-css-bm46j4 brz-wrapper\">\n<div class=\"brz-rich-text brz-rich-text__custom brz-css-d-richtext brz-css-1541vrb\" data-brz-custom-id=\"zivxmjigoicomwophzsbqwdyespthbfphedk\">\n<div data-brz-translate-text=\"1\">\n<p class=\"brz-text-xs-center brz-text-sm-center brz-lh-lg-1_7 brz-ls-lg-0 brz-fw-lg-400 brz-fss-lg-px brz-fs-lg-17 brz-ft-system brz-ff-initial brz-tp-lg-empty brz-fsft-lg-0 brz-fwdth-lg-100 brz-vfw-lg-400 brz-css-ixS3U\" data-uniq-id=\"gYtFu\" data-generated-css=\"brz-css-jbsS9\"><span class=\"brz-cp-color7\">Apr\u00e8s plusieurs ann\u00e9es dans le pr\u00eat-\u00e0-porter f\u00e9minin haut de gamme, ayant \u00e9prouv\u00e9 une lassitude face \u00e0 la pression du commerce, je me suis tourn\u00e9e vers la cr\u00e9ation de bijoux ce qui est devenue ma passion.<\/span><\/p>\n<p class=\"brz-text-xs-center brz-text-sm-center brz-lh-lg-1_7 brz-ls-lg-0 brz-fw-lg-400 brz-fss-lg-px brz-fs-lg-17 brz-ft-system brz-ff-initial brz-tp-lg-empty brz-fsft-lg-0 brz-fwdth-lg-100 brz-vfw-lg-400 brz-css-zR3nn\" data-uniq-id=\"ccH7j\" data-generated-css=\"brz-css-vnabS\"><span class=\"brz-cp-color7\"> <\/span><\/p>\n<p class=\"brz-text-xs-center brz-text-sm-center brz-lh-lg-1_7 brz-ls-lg-0 brz-fw-lg-400 brz-fss-lg-px brz-fs-lg-17 brz-ft-system brz-ff-initial brz-tp-lg-empty brz-fsft-lg-0 brz-fwdth-lg-100 brz-vfw-lg-400 brz-css-f2cnk\" data-uniq-id=\"lnA92\" data-generated-css=\"brz-css-fyX6J\"><span class=\"brz-cp-color7\">En tant que cr\u00e9atrice autodidacte, j&rsquo;ai cr\u00e9e et lanc\u00e9 ma boutique en ligne en 2020, je consacre une attention particuli\u00e8re \u00e0 chaque pi\u00e8ce que je con\u00e7ois dans mon atelier \u00e0 Bordeaux.<\/span><\/p>\n<p class=\"brz-text-xs-center brz-text-sm-center brz-lh-lg-1_7 brz-ls-lg-0 brz-fw-lg-400 brz-fss-lg-px brz-fs-lg-17 brz-ft-system brz-ff-initial brz-tp-lg-empty brz-fsft-lg-0 brz-fwdth-lg-100 brz-vfw-lg-400 brz-css-e4_Kl\" data-uniq-id=\"eq6aI\" data-generated-css=\"brz-css-rV0fA\"><span class=\"brz-cp-color7\"> <\/span><\/p>\n<p class=\"brz-text-xs-center brz-text-sm-center brz-lh-lg-1_7 brz-ls-lg-0 brz-fw-lg-400 brz-fss-lg-px brz-fs-lg-17 brz-ft-system brz-ff-initial brz-tp-lg-empty brz-fsft-lg-0 brz-fwdth-lg-100 brz-vfw-lg-400 brz-css-uHm2u\" data-uniq-id=\"tCXAh\" data-generated-css=\"brz-css-so5am\"><span class=\"brz-cp-color7\">Mon inspiration vient de la nature, de l&rsquo;art et des voyages, ce qui me permet de cr\u00e9er des bijoux uniques qui racontent une histoire.<\/span><\/p>\n<p class=\"brz-text-xs-center brz-text-sm-center brz-lh-lg-1_7 brz-ls-lg-0 brz-fw-lg-400 brz-fss-lg-px brz-fs-lg-17 brz-ft-system brz-ff-initial brz-tp-lg-empty brz-fsft-lg-0 brz-fwdth-lg-100 brz-vfw-lg-400 brz-css-vz_0B\" data-uniq-id=\"aCCRY\" data-generated-css=\"brz-css-aSd63\"><span class=\"brz-cp-color7\"> <\/span><\/p>\n<p class=\"brz-text-xs-center brz-text-sm-center brz-lh-lg-1_7 brz-ls-lg-0 brz-fw-lg-400 brz-fss-lg-px brz-fs-lg-17 brz-ft-system brz-ff-initial brz-tp-lg-empty brz-fsft-lg-0 brz-fwdth-lg-100 brz-vfw-lg-400 brz-css-g_y70\" data-uniq-id=\"aY2tW\" data-generated-css=\"brz-css-pJfbn\"><span class=\"brz-cp-color7\">Ce m\u00e9tier favorise des \u00e9changes enrichissants avec les autres, ce qui est essentiel pour moi.<\/span><\/p>\n<p class=\"brz-text-xs-center brz-text-sm-center brz-lh-lg-1_7 brz-ls-lg-0 brz-fw-lg-400 brz-fss-lg-px brz-fs-lg-17 brz-ft-system brz-ff-initial brz-tp-lg-empty brz-fsft-lg-0 brz-fwdth-lg-100 brz-vfw-lg-400 brz-css-dMOpj\" data-uniq-id=\"hS0yo\" data-generated-css=\"brz-css-u3ZQB\"><span class=\"brz-cp-color7\"> <\/span><\/p>\n<p class=\"brz-text-xs-center brz-text-sm-center brz-lh-lg-1_7 brz-ls-lg-0 brz-fw-lg-400 brz-fss-lg-px brz-fs-lg-17 brz-ft-system brz-ff-initial brz-tp-lg-empty brz-fsft-lg-0 brz-fwdth-lg-100 brz-vfw-lg-400 brz-css-qXmK7\" data-uniq-id=\"qJK_o\" data-generated-css=\"brz-css-qMs5u\"><span class=\"brz-cp-color7\">Je partage \u00e9galement ma passion en animant des ateliers d&rsquo;initiation de bijoux personnalis\u00e9s, pour transmettre mon savoir-faire.<\/span><\/p>\n<p class=\"brz-text-xs-center brz-text-sm-center brz-css-huz36\" data-uniq-id=\"fDpSF\" data-generated-css=\"brz-css-mMA8s\"><span class=\"brz-cp-color7\"> <\/span><\/p>\n<p class=\"brz-text-xs-center brz-text-sm-center brz-css-fB6KO\" data-uniq-id=\"mDDz0\" data-generated-css=\"brz-css-o0_Wo\"><span class=\"brz-cp-color7\"> Au plaisir de vous rencontrer !<\/span><\/p>\n<p class=\"brz-text-xs-center brz-text-sm-center brz-css-srwaq\" data-uniq-id=\"usZwE\" data-generated-css=\"brz-css-skhF1\"><span class=\"brz-cp-color7\"> <\/span><\/p>\n<p class=\"brz-text-xs-center brz-text-sm-center brz-css-gEcSQ\" data-uniq-id=\"zfEkV\" data-generated-css=\"brz-css-q90uN\"><span class=\"brz-cp-color7\"> N&rsquo;h\u00e9sitez pas \u00e0 me contacter, pour toute question !<\/span><\/p>\n<p class=\"brz-text-xs-center brz-text-sm-center brz-css-jHNJD\" data-uniq-id=\"n2Ffb\" data-generated-css=\"brz-css-vpIXn\"><\/p>\n<p class=\"brz-ff-playfair_display brz-fw-xs-400 brz-fw-sm-400 brz-fw-lg-400 brz-ft-google brz-ls-xs-0 brz-ls-sm-0 brz-ls-lg-0 brz-fs-xs-16 brz-fs-sm-17 brz-fs-lg-17 brz-lh-xs-1_5 brz-lh-sm-1_6 brz-lh-lg-1_7 brz-text-xs-center brz-text-sm-center brz-css-gVnYD\" data-uniq-id=\"tMZL5\" data-generated-css=\"brz-css-clzeD\"><span class=\"brz-cp-color7\"> Je vous laisse d\u00e9couvrir mon univers.<\/span><\/p>\n<\/div>\n<\/div>\n<\/div>\n<div id=\"\" class=\"brz-css-d-wrapper brz-css-r-wrapper brz-css-19o7f98 brz-wrapper\">\n<div class=\"brz-spacer brz-css-d-spacer brz-css-1nalalo\"><\/div>\n<\/div>\n<div class=\"brz-wrapper-clone brz-flex-xs-wrap brz-css-d-cloneable brz-css-10wicha\" data-brz-custom-id=\"ukciyedbpdjdjwiodiafnhpwfqaixismicxu\"><a class=\"brz-a brz-btn brz-css-d-button brz-css-g91eyz brz-css-d-button-bg brz-css-1ajfp8z\" target=\"_self\" rel=\"noopener\" href=\"https:\/\/www.naama-bijoux.fr\/index.php\/shop\/\" data-brz-link-type=\"external\" data-brz-custom-id=\"ffiltgaeflzfdpgqaqmcbbkflynqxltnmbos\"><span data-brz-translate-text=\"1\" class=\"brz-span brz-text__editor\">Voir la Boutique<\/span><\/a><\/div>\n<\/div>\n<\/div>\n<\/div>\n<\/div>\n<\/div>\n<\/div>\n<\/section><\/div>\n<p><!-- version:1765988395 --><\/p>\n","protected":false},"excerpt":{"rendered":"<p>Naama-Bijoux est une marque que j\u2019ai lanc\u00e9e en 2020<\/p>\n<p>Acheter une cr\u00e9ation chez Naama-Bijoux c\u2019est acheter<br \/>\nMade in France<\/p>\n<p>\n","protected":false},"author":1,"featured_media":0,"parent":17,"menu_order":0,"comment_status":"closed","ping_status":"closed","template":"","meta":{"advanced_seo_description":"","jetpack_seo_html_title":"","jetpack_seo_noindex":false,"jetpack_post_was_ever_published":false,"footnotes":""},"class_list":["post-841","page","type-page","status-publish","hentry"],"blocksy_meta":{"page_title_panel":"","has_hero_section":"enabled","ba0e81bd606913bbc88e92197562ba4d":"","hero_section":"type-2","hero_elements":[{"id":"custom_title","enabled":true,"heading_tag":"h1","title":"Home","__id":"AjIAWLnWn_FD63iPei5xC"},{"id":"custom_description","enabled":true,"description_visibility":{"desktop":true,"tablet":true,"mobile":false},"__id":"kSD-YMKzrHyWrHoiAyRNg"},{"id":"custom_meta","enabled":false,"meta_elements":[{"id":"author","enabled":true,"label":"By","has_author_avatar":"yes","avatar_size":25},{"id":"post_date","enabled":true,"label":"On","date_format_source":"default","date_format":"M j, Y"},{"id":"comments","enabled":true}],"page_meta_elements":{"joined":true,"articles_count":true,"comments":true},"__id":"4H0iDqyFxxgfqJGN_4ErX"},{"id":"breadcrumbs","enabled":true,"__id":"uGcwnvXA9E8QW5vjE8V89"}],"413eb15c1d3eafcdb8880cacad8f558c":"","hero_alignment1":"left","hero_alignment2":"center","hero_vertical_alignment":"center","hero_structure":"narrow","8204a8c340d21d4486f11a811610c8b9":"","hero_height":"230px","parallax":{"desktop":false,"tablet":false,"mobile":false},"pageTitleFont":{"family":"Default","variation":"Default","size":{"desktop":"32px","tablet":"30px","mobile":"25px"},"line-height":"1.3","letter-spacing":"CT_CSS_SKIP_RULE","text-transform":"CT_CSS_SKIP_RULE","text-decoration":"CT_CSS_SKIP_RULE"},"pageTitleFontColor":{"default":{"color":"CT_CSS_SKIP_RULEDEFAULT"}},"pageMetaFont":{"family":"Default","variation":"n6","size":{"desktop":"12px","tablet":"12px","mobile":"12px"},"line-height":"1.3","letter-spacing":"CT_CSS_SKIP_RULE","text-transform":"uppercase","text-decoration":"CT_CSS_SKIP_RULE"},"pageMetaFontColor":{"default":{"color":"CT_CSS_SKIP_RULEDEFAULT"},"hover":{"color":"CT_CSS_SKIP_RULEDEFAULT"}},"pageExcerptFont":{"family":"Default","variation":"n5","size":"CT_CSS_SKIP_RULE","line-height":"CT_CSS_SKIP_RULE","letter-spacing":"CT_CSS_SKIP_RULE","text-transform":"CT_CSS_SKIP_RULE","text-decoration":"CT_CSS_SKIP_RULE"},"pageExcerptColor":{"default":{"color":"CT_CSS_SKIP_RULEDEFAULT"}},"breadcrumbsFont":{"family":"Default","variation":"n6","size":"12px","line-height":"CT_CSS_SKIP_RULE","letter-spacing":"CT_CSS_SKIP_RULE","text-transform":"uppercase","text-decoration":"CT_CSS_SKIP_RULE"},"breadcrumbsFontColor":{"default":{"color":"CT_CSS_SKIP_RULEDEFAULT"},"initial":{"color":"var(--theme-palette-color-2)"},"hover":{"color":"CT_CSS_SKIP_RULEDEFAULT"}},"pageTitleOverlay":{"default":{"color":"rgba(41, 51, 60, 0.2)"}},"pageTitleBackground":{"background_type":"color","background_pattern":"type-1","background_image":{"attachment_id":null,"x":0,"y":0},"gradient":"linear-gradient(to right, #fa709a 0%, #fee140 100%)","background_repeat":"no-repeat","background_size":"auto","background_attachment":"scroll","patternColor":{"default":{"color":"#e5e7ea"}},"overlayColor":{"default":{"color":"CT_CSS_SKIP_RULE"}},"backgroundColor":{"default":{"color":"var(--theme-palette-color-1)"}}},"2af846da393d6a3c2b64010b60259fd9":"","page_structure_type":"default","content_style":"inherit","vertical_spacing_source":"custom","content_area_spacing":"none","background":{"background_type":"color","background_pattern":"type-1","background_image":{"attachment_id":null,"x":0,"y":0},"gradient":"linear-gradient(135deg,rgba(6,147,227,1) 0%,rgb(155,81,224) 100%)","background_repeat":"no-repeat","background_size":"auto","background_attachment":"scroll","patternColor":{"default":{"color":"#e5e7ea"}},"overlayColor":{"default":{"color":"CT_CSS_SKIP_RULE"}},"backgroundColor":{"default":{"color":"CT_CSS_SKIP_RULE"}}},"content_background":{"background_type":"color","background_pattern":"type-1","background_image":{"attachment_id":null,"x":0,"y":0},"gradient":"linear-gradient(135deg,rgba(6,147,227,1) 0%,rgb(155,81,224) 100%)","background_repeat":"no-repeat","background_size":"auto","background_attachment":"scroll","patternColor":{"default":{"color":"#e5e7ea"}},"overlayColor":{"default":{"color":"CT_CSS_SKIP_RULE"}},"backgroundColor":{"default":{"color":"#ffffff"}}},"content_boxed_spacing":{"desktop":"40px","tablet":"35px","mobile":"20px"},"content_boxed_radius":{"top":"3px","bottom":"3px","left":"3px","right":"3px","linked":true},"content_boxed_shadow":{"inherit":false,"blur":18,"spread":-6,"v_offset":12,"h_offset":0,"inset":false,"enable":true,"color":{"color":"rgba(34, 56, 101, 0.04)"}},"efa5da0361e682b1c80e5badb5495fd6":"","disable_featured_image":"no","disable_header":"no","disable_footer":"no","9b53923454340f359b9761a2a283e165":"","65f19f4cf0207794c67df820dc67f804":"","hero_margin":{"desktop":50,"tablet":30,"mobile":30},"9825bb376f289f0b5e23a0609b895646":"","cba7810428cad6fff3109b8db241451c":"","page_title_bg_type":"featured_image","custom_hero_background":{"attachment_id":null},"4f47ca93121d8ccdbfd2e2e1cc4c5534":"","pageTitlePadding":{"top":"50px","bottom":"50px","left":"auto","right":"auto","linked":true},"66d4a89c0070d4aa1c926aec90b88557":"","boxed_content_spacing":{"desktop":{"top":"40px","bottom":"40px","left":"40px","right":"40px","linked":true},"tablet":{"top":"35px","bottom":"35px","left":"35px","right":"35px","linked":true},"mobile":{"top":"20px","bottom":"20px","left":"20px","right":"20px","linked":true}},"6cf8bbfbba50f9e57c8bb62ac6489af5":"","2843be17671f4c3891a2dc4f3ef10d63":"","560658dbe446d44af57a0f418025e40e":"","df25946ef7debd264d776414d977ae1b":"","9dc9735b3b45566f2297919884b6389f":"","88ad048fd75489143a0180bb946b5007":"","a73c633db6830429c318fb30567abbd2":"","eb5343f6359029b9db9b80aef9e64e70":"","dff86ce95f0bd7135518f667ef1e89a4":"","cef89b328387083b2e34eaf582ecf5c1":"","5ecd575438587a57f3639ae3f73a69b2":"","cedaa33b3217922e903517df503d2b54":"","4de0f573d34577b68352ba253680783c":"","a952a0b77e8d82a37c2f07eb0ca7a08a":"","a60cb37b9fa930ac7c67c34c75a44fef":"","styles_descriptor":{"styles":{"desktop":"[data-prefix=\"single_page\"] .entry-header .page-title {--theme-font-size:32px;--theme-line-height:1.3;} [data-prefix=\"single_page\"] .entry-header .entry-meta {--theme-font-weight:600;--theme-text-transform:uppercase;--theme-font-size:12px;--theme-line-height:1.3;} [data-prefix=\"single_page\"] .entry-header .page-description {--theme-font-weight:500;} [data-prefix=\"single_page\"] .entry-header .ct-breadcrumbs {--theme-font-weight:600;--theme-text-transform:uppercase;--theme-font-size:12px;--theme-link-initial-color:var(--theme-palette-color-2);} [data-prefix=\"single_page\"] .hero-section[data-type=\"type-2\"] {--min-height:230px;background-color:var(--theme-palette-color-1);background-image:none;--container-padding:50px 0;} [data-prefix=\"single_page\"] .hero-section[data-type=\"type-2\"] > figure .ct-media-container:after {background-color:rgba(41, 51, 60, 0.2);}","tablet":"[data-prefix=\"single_page\"] .entry-header .page-title {--theme-font-size:30px;}","mobile":"[data-prefix=\"single_page\"] .entry-header .page-title {--theme-font-size:25px;}"},"google_fonts":[],"version":6}},"jetpack-related-posts":[],"jetpack_likes_enabled":true,"jetpack_shortlink":"https:\/\/wp.me\/Pd6iGp-dz","jetpack_sharing_enabled":true,"brizy_media":[{"id":1230,"url":"https:\/\/www.naama-bijoux.fr\/wp-content\/uploads\/2021\/02\/pexels-tina-nord-816377.jpg","name":"pexels-tina-nord-816377.jpg","meta":{"brizy_attachment_uid":"wp-0f9e1c54480b453ec7f0968b0c98d195.jpg","brizy_post_uid":["7b2c71173587ba2a117eac11e2075951","498723eb561f92d9be9f52107f91beff","60f5c1098867f35b7a122c57053faf08"]}},{"id":2728,"url":"https:\/\/www.naama-bijoux.fr\/wp-content\/uploads\/2021\/03\/garden-1515380_1280.jpg","name":"garden-1515380_1280.jpg","meta":{"brizy_attachment_uid":"wp-dedb1dd9112a2c20e97e3ddea504d9c6.jpg","brizy_post_uid":["7b2c71173587ba2a117eac11e2075951"]}},{"id":10356,"url":"https:\/\/www.naama-bijoux.fr\/wp-content\/uploads\/2024\/06\/naama-bijoux.jpg","name":"naama-bijoux.jpg","meta":{"brizy_attachment_uid":"wp-0857a518f8856a8f557cce3e664d2bd6.jpg","brizy_post_uid":["7b2c71173587ba2a117eac11e2075951","498723eb561f92d9be9f52107f91beff"]}},{"id":11075,"url":"https:\/\/www.naama-bijoux.fr\/wp-content\/uploads\/2025\/02\/atelier-13-scaled.jpg","name":"atelier-13.jpg","meta":{"brizy_attachment_uid":"wp-a54046103de8f12dcd75cdc01a229849.jpg","brizy_post_uid":["7b2c71173587ba2a117eac11e2075951"]}},{"id":12391,"url":"https:\/\/www.naama-bijoux.fr\/wp-content\/uploads\/2025\/11\/photo-2-scaled.jpg","name":"photo-2.jpg","meta":{"brizy_attachment_uid":"wp-97c2760f0eab53277a9952d4c4e86df6.jpg","brizy_post_uid":["7b2c71173587ba2a117eac11e2075951"]}},{"id":12346,"url":"https:\/\/www.naama-bijoux.fr\/wp-content\/uploads\/2025\/11\/atelier-5-scaled.jpg","name":"atelier-5.jpg","meta":{"brizy_attachment_uid":"wp-b01d11a5200f36452174ce4eb8d588ab.jpg","brizy_post_uid":["7b2c71173587ba2a117eac11e2075951"]}},{"id":11035,"url":"https:\/\/www.naama-bijoux.fr\/wp-content\/uploads\/2025\/01\/atelier-16-3-scaled.jpg","name":"atelier-16-3.jpg","meta":{"brizy_attachment_uid":"wp-59a5f8aadf203500f3003ab0e4064e92.jpg","brizy_post_uid":["7b2c71173587ba2a117eac11e2075951"]}},{"id":12406,"url":"https:\/\/www.naama-bijoux.fr\/wp-content\/uploads\/2025\/11\/IMG_4509-scaled.jpg","name":"IMG_4509.jpg","meta":{"brizy_attachment_uid":"wp-5cea7e94a89fd9d37cc5626567c8fca4.jpg","brizy_post_uid":["7b2c71173587ba2a117eac11e2075951"]}},{"id":12410,"url":"https:\/\/www.naama-bijoux.fr\/wp-content\/uploads\/2025\/11\/IMG_4508-2-scaled.jpg","name":"IMG_4508-2.jpg","meta":{"brizy_attachment_uid":"wp-82f1d6ea9e300a6c1fabafc8988672ea.jpg","brizy_post_uid":["7b2c71173587ba2a117eac11e2075951"]}},{"id":12418,"url":"https:\/\/www.naama-bijoux.fr\/wp-content\/uploads\/2025\/11\/IMG_6584-scaled.jpg","name":"IMG_6584.jpg","meta":{"brizy_attachment_uid":"wp-d8f0f3a7ad0c154483f87065bd3f468c.jpg","brizy_post_uid":["7b2c71173587ba2a117eac11e2075951"]}},{"id":12426,"url":"https:\/\/www.naama-bijoux.fr\/wp-content\/uploads\/2025\/11\/IMG_3968-scaled.jpg","name":"IMG_3968.jpg","meta":{"brizy_attachment_uid":"wp-45e98dfcd8db36e3f3deade098328b93.jpg","brizy_post_uid":["7b2c71173587ba2a117eac11e2075951"]}},{"id":12463,"url":"https:\/\/www.naama-bijoux.fr\/wp-content\/uploads\/2025\/11\/image01083-scaled.jpeg","name":"image01083.jpeg","meta":{"brizy_attachment_uid":"wp-9bdd09f240298da1f95d2c6eaa6a7c3d.jpeg","brizy_post_uid":["7b2c71173587ba2a117eac11e2075951"]}},{"id":12466,"url":"https:\/\/www.naama-bijoux.fr\/wp-content\/uploads\/2025\/11\/IMG_3907-scaled.jpg","name":"IMG_3907.jpg","meta":{"brizy_attachment_uid":"wp-3818b11dcb377589f7dfc49748646799.jpg","brizy_post_uid":["7b2c71173587ba2a117eac11e2075951"]}},{"id":12469,"url":"https:\/\/www.naama-bijoux.fr\/wp-content\/uploads\/2025\/11\/IMG_3907-1.jpg","name":"IMG_3907-1.jpg","meta":{"brizy_attachment_uid":"wp-89cb8fc45186f8b640ae73002d58fa90.jpg","brizy_post_uid":["7b2c71173587ba2a117eac11e2075951"]}},{"id":12472,"url":"https:\/\/www.naama-bijoux.fr\/wp-content\/uploads\/2025\/11\/D52E946A-D348-49CE-9522-5A2F42453AE0.jpg","name":"D52E946A-D348-49CE-9522-5A2F42453AE0.jpg","meta":{"brizy_attachment_uid":"wp-667de143c7e4bf858cf155f44c4404fc.jpg","brizy_post_uid":["7b2c71173587ba2a117eac11e2075951"]}},{"id":12478,"url":"https:\/\/www.naama-bijoux.fr\/wp-content\/uploads\/2025\/11\/4657ae9d-b539-4ac8-8a00-e186d114c22b-scaled.jpg","name":"4657ae9d-b539-4ac8-8a00-e186d114c22b.jpg","meta":{"brizy_attachment_uid":"wp-ca278c4dceb0fcf0d7b06ae52c3d959f.jpg","brizy_post_uid":["7b2c71173587ba2a117eac11e2075951"]}},{"id":12482,"url":"https:\/\/www.naama-bijoux.fr\/wp-content\/uploads\/2025\/11\/E1ADFA46-9677-4AE1-BA38-91A9A0BE8CAE-scaled.jpg","name":"E1ADFA46-9677-4AE1-BA38-91A9A0BE8CAE.jpg","meta":{"brizy_attachment_uid":"wp-ccbb56049c79c4918ca6457fd8012513.jpg","brizy_post_uid":["7b2c71173587ba2a117eac11e2075951"]}},{"id":12485,"url":"https:\/\/www.naama-bijoux.fr\/wp-content\/uploads\/2025\/11\/IMG_0341-scaled.jpg","name":"IMG_0341.jpg","meta":{"brizy_attachment_uid":"wp-ba5767777d2d3b9fb1dcc0527ac637ee.jpg","brizy_post_uid":["7b2c71173587ba2a117eac11e2075951"]}},{"id":12490,"url":"https:\/\/www.naama-bijoux.fr\/wp-content\/uploads\/2025\/11\/atelier-8-scaled.jpg","name":"atelier-8.jpg","meta":{"brizy_attachment_uid":"wp-ca215f21dd5fbe4e5d9d9382f44eeb7e.jpg","brizy_post_uid":["7b2c71173587ba2a117eac11e2075951"]}},{"id":12496,"url":"https:\/\/www.naama-bijoux.fr\/wp-content\/uploads\/2025\/11\/creations-scaled.jpg","name":"creations.jpg","meta":{"brizy_attachment_uid":"wp-727b07d0f5ae9512fdbea40e3410dc3c.jpg","brizy_post_uid":["7b2c71173587ba2a117eac11e2075951"]}},{"id":12499,"url":"https:\/\/www.naama-bijoux.fr\/wp-content\/uploads\/2025\/11\/P1055472-scaled.jpg","name":"P1055472.jpg","meta":{"brizy_attachment_uid":"wp-3a0cb6f81965d06ee3e2589ec26fc63a.jpg","brizy_post_uid":["7b2c71173587ba2a117eac11e2075951"]}},{"id":12502,"url":"https:\/\/www.naama-bijoux.fr\/wp-content\/uploads\/2025\/11\/photo-2-1-scaled.jpg","name":"photo-2-1.jpg","meta":{"brizy_attachment_uid":"wp-539237aaf624e0763f25a22a32e9c8c1.jpg","brizy_post_uid":["7b2c71173587ba2a117eac11e2075951"]}},{"id":12575,"url":"https:\/\/www.naama-bijoux.fr\/wp-content\/uploads\/2025\/12\/IMG_1235.png","name":"IMG_1235.png","meta":{"brizy_attachment_uid":"wp-a54084d31056b56c49a7a075d40fedf4.png","brizy_post_uid":["7b2c71173587ba2a117eac11e2075951"]}},{"id":12587,"url":"https:\/\/www.naama-bijoux.fr\/wp-content\/uploads\/2025\/12\/IMG_3907-2.jpg","name":"IMG_3907-2.jpg","meta":{"brizy_attachment_uid":"wp-bd70c4df763b89b5c1fea09d44077eb6.jpg","brizy_post_uid":["7b2c71173587ba2a117eac11e2075951"]}},{"id":12617,"url":"https:\/\/www.naama-bijoux.fr\/wp-content\/uploads\/2025\/12\/IMG_3967-scaled.jpg","name":"IMG_3967.jpg","meta":{"brizy_attachment_uid":"wp-f8a2d28517b7b46b83f4c6b6a517cc7a.jpg","brizy_post_uid":["7b2c71173587ba2a117eac11e2075951"]}}],"_links":{"self":[{"href":"https:\/\/www.naama-bijoux.fr\/index.php\/wp-json\/wp\/v2\/pages\/841","targetHints":{"allow":["GET"]}}],"collection":[{"href":"https:\/\/www.naama-bijoux.fr\/index.php\/wp-json\/wp\/v2\/pages"}],"about":[{"href":"https:\/\/www.naama-bijoux.fr\/index.php\/wp-json\/wp\/v2\/types\/page"}],"author":[{"embeddable":true,"href":"https:\/\/www.naama-bijoux.fr\/index.php\/wp-json\/wp\/v2\/users\/1"}],"replies":[{"embeddable":true,"href":"https:\/\/www.naama-bijoux.fr\/index.php\/wp-json\/wp\/v2\/comments?post=841"}],"version-history":[{"count":30,"href":"https:\/\/www.naama-bijoux.fr\/index.php\/wp-json\/wp\/v2\/pages\/841\/revisions"}],"predecessor-version":[{"id":12659,"href":"https:\/\/www.naama-bijoux.fr\/index.php\/wp-json\/wp\/v2\/pages\/841\/revisions\/12659"}],"up":[{"embeddable":true,"href":"https:\/\/www.naama-bijoux.fr\/index.php\/wp-json\/wp\/v2\/pages\/17"}],"wp:attachment":[{"href":"https:\/\/www.naama-bijoux.fr\/index.php\/wp-json\/wp\/v2\/media?parent=841"}],"curies":[{"name":"wp","href":"https:\/\/api.w.org\/{rel}","templated":true}]}}