{"id":4912,"date":"2021-04-23T14:51:28","date_gmt":"2021-04-23T12:51:28","guid":{"rendered":"https:\/\/www.naama-bijoux.fr\/?page_id=4912"},"modified":"2026-04-07T03:09:40","modified_gmt":"2026-04-07T01:09:40","slug":"bracelets","status":"publish","type":"page","link":"https:\/\/www.naama-bijoux.fr\/index.php\/shop\/bracelets\/","title":{"rendered":"Bracelets"},"content":{"rendered":"<div class=\"brz-root__container brz-reset-all brz brz-root__container-page\">\n<section id=\"_esalyqpbqpnfkyygpfxmfwxrovcjsqixazxu\" class=\"brz-section brz-css-pw1iw\">\n<div class=\"brz-section__content brz-section--boxed brz-css-w6cumg brz-css-qb29n0\" data-brz-custom-id=\"ujeftoiorszvvyprbpsrdzfpwfupppbaietv\">\n<div class=\"brz-container brz-css-1qai57f brz-css-zys2od\">\n<div id=\"\" class=\"brz-css-2bpgsa brz-wrapper\">\n<div class=\"brz-woo-pages brz-css-ezv72i\" data-brz-custom-id=\"grwrlmfldekgbtvhihahamzzwfnvdnstfvdv\">\n<div class=\"brz-woo-page\"><\/div>\n<\/div>\n<\/div>\n<\/div>\n<\/div>\n<\/section>\n<section id=\"_vnvzxcpgdytuevtbfkvplrufpjeemhsdtmxq\" class=\"brz-section brz-css-pw1iw\">\n<div class=\"brz-section__content brz-section--boxed brz-css-w6cumg brz-css-14mvzw6\" data-brz-custom-id=\"ouajpzzvxtryguotwduhhblvepoptvvfkhab\">\n<div class=\"brz-container brz-css-1qai57f\">\n<div id=\"\" class=\"brz-css-2bpgsa brz-wrapper\">\n<div class=\"brz-rich-text brz-rich-text__custom brz-css-12ycc3\" data-brz-custom-id=\"qlwbahyqsmqrrkovofmvosdzyecgxiyqjfst\">\n<div data-brz-translate-text=\"1\">\n<p class=\"brz-tp-paragraph brz-css-loAaU\"><strong class=\"brz-cp-color7\">Vous allez aimer aussi<\/strong><\/p>\n<\/div>\n<\/div>\n<\/div>\n<div id=\"\" class=\"brz-css-2bpgsa brz-css-1uu1mxz brz-wrapper\">\n<div class=\"brz-menu-simple brz-css-8596zi brz-css-1yjfkgp\">\n<div><\/div>\n<\/div>\n<\/div>\n<div id=\"\" class=\"brz-css-2bpgsa brz-css-167dtet brz-wrapper\">\n<div class=\"brz-menu-simple brz-css-8596zi brz-css-ss5usw\">\n<div><\/div>\n<\/div>\n<\/div>\n<\/div>\n<\/div>\n<\/section>\n<\/div>\n<p>    <!-- version:1736960711 --><\/p>\n","protected":false},"excerpt":{"rendered":"<p>D\u00e9couvrez une s\u00e9lection de bracelets : en acier inoxydable, pierres naturelles, joncs, perles. Habillez votre poign\u00e9 selon vos envies : fin, large, souple ou rigide et choisissez la pi\u00e8ce qui vous ressemble. Mes bracelets savent tirer leur \u00e9pingle du jeu pour vous s\u00e9duire et toujours dans l\u2019air du temps.<\/p>\n","protected":false},"author":1,"featured_media":3353,"parent":17,"menu_order":0,"comment_status":"closed","ping_status":"closed","template":"","meta":{"advanced_seo_description":"bracelets tendances","jetpack_seo_html_title":"","jetpack_seo_noindex":false,"jetpack_post_was_ever_published":false,"footnotes":""},"class_list":["post-4912","page","type-page","status-publish","has-post-thumbnail","hentry"],"blocksy_meta":{"page_title_panel":"","has_hero_section":"enabled","fce71f74d0d4f63ac4bf25f74eef2b44":"","hero_section":"type-2","hero_elements":[{"id":"custom_title","enabled":true,"heading_tag":"h1","title":"Accueil","__id":"Pv6mkWqEttdEnPGCnwZeO"},{"id":"custom_description","enabled":true,"description_visibility":{"desktop":true,"tablet":true,"mobile":true},"__id":"UvmL9IswHlExYKFT8YaHs"},{"id":"custom_meta","enabled":false,"meta_elements":[{"id":"author","enabled":true,"label":"Par","has_author_avatar":"yes","avatar_size":25},{"id":"post_date","enabled":true,"label":"Sur","date_format_source":"default","date_format":"M j, Y"},{"id":"comments","enabled":true}],"page_meta_elements":{"joined":true,"articles_count":true,"comments":true},"__id":"wn1IfHbRez3xqGJR3Bxji"},{"id":"breadcrumbs","enabled":true,"__id":"VHYwEB9sKeWT8BduL5swK"}],"4229fa0a328a81cc730168dcbe88791f":"","hero_alignment1":"left","hero_margin":{"desktop":50,"tablet":30,"mobile":30},"hero_alignment2":"center","hero_vertical_alignment":"center","4285f54d022257dc052e55f683dd8739":"","hero_structure":"narrow","8bb46374000cba9cd26cea035c0fbe14":"","page_title_bg_type":"color","custom_hero_background":{"attachment_id":null},"parallax":{"desktop":false,"tablet":false,"mobile":false},"288fc246f7aa0550d43d236180b5ea83":"","hero_height":"250px","pageTitleFont":{"family":"Default","variation":"Default","size":{"desktop":"32px","tablet":"30px","mobile":"25px"},"line-height":"CT_CSS_SKIP_RULE","letter-spacing":"CT_CSS_SKIP_RULE","text-transform":"CT_CSS_SKIP_RULE","text-decoration":"CT_CSS_SKIP_RULE"},"pageTitleFontColor":{"default":{"color":"CT_CSS_SKIP_RULEDEFAULT"}},"pageMetaFont":{"family":"Default","variation":"n6","size":"12px","line-height":"1.3","letter-spacing":"CT_CSS_SKIP_RULE","text-transform":"uppercase","text-decoration":"CT_CSS_SKIP_RULE"},"pageMetaFontColor":{"default":{"color":"CT_CSS_SKIP_RULEDEFAULT"},"hover":{"color":"CT_CSS_SKIP_RULEDEFAULT"}},"pageExcerptFont":{"family":"Default","variation":"Default","size":"CT_CSS_SKIP_RULE","line-height":"CT_CSS_SKIP_RULE","letter-spacing":"CT_CSS_SKIP_RULE","text-transform":"CT_CSS_SKIP_RULE","text-decoration":"CT_CSS_SKIP_RULE"},"pageExcerptColor":{"default":{"color":"CT_CSS_SKIP_RULEDEFAULT"}},"breadcrumbsFont":{"family":"Default","variation":"n6","size":"12px","line-height":"CT_CSS_SKIP_RULE","letter-spacing":"CT_CSS_SKIP_RULE","text-transform":"uppercase","text-decoration":"CT_CSS_SKIP_RULE"},"breadcrumbsFontColor":{"default":{"color":"CT_CSS_SKIP_RULEDEFAULT"},"initial":{"color":"CT_CSS_SKIP_RULEDEFAULT"},"hover":{"color":"CT_CSS_SKIP_RULEDEFAULT"}},"pageTitleOverlay":{"default":{"color":"CT_CSS_SKIP_RULE"}},"pageTitleBackground":{"background_type":"color","background_pattern":"type-1","background_image":{"attachment_id":null,"x":0,"y":0},"gradient":"linear-gradient(to right, #fa709a 0%, #fee140 100%)","background_repeat":"no-repeat","background_size":"auto","background_attachment":"scroll","patternColor":{"default":{"color":"#e5e7ea"}},"overlayColor":{"default":{"color":"CT_CSS_SKIP_RULE"}},"backgroundColor":{"default":{"color":"var(--theme-palette-color-1)"}}},"pageTitlePadding":{"top":"50px","bottom":"50px","left":"auto","right":"auto","linked":true},"9068208c502d21c03ec47f7cca90bb27":"","page_structure_type":"default","content_style":"inherit","vertical_spacing_source":"inherit","content_area_spacing":"both","background":{"background_type":"color","background_pattern":"type-1","background_image":{"attachment_id":null,"x":0,"y":0},"gradient":"linear-gradient(135deg,rgba(6,147,227,1) 0%,rgb(155,81,224) 100%)","background_repeat":"no-repeat","background_size":"auto","background_attachment":"scroll","patternColor":{"default":{"color":"#e5e7ea"}},"overlayColor":{"default":{"color":"CT_CSS_SKIP_RULE"}},"backgroundColor":{"default":{"color":"CT_CSS_SKIP_RULE"}}},"content_background":{"background_type":"color","background_pattern":"type-1","background_image":{"attachment_id":null,"x":0,"y":0},"gradient":"linear-gradient(135deg,rgba(6,147,227,1) 0%,rgb(155,81,224) 100%)","background_repeat":"no-repeat","background_size":"auto","background_attachment":"scroll","patternColor":{"default":{"color":"#e5e7ea"}},"overlayColor":{"default":{"color":"CT_CSS_SKIP_RULE"}},"backgroundColor":{"default":{"color":"#ffffff"}}},"content_boxed_shadow":{"inherit":false,"blur":18,"spread":-6,"v_offset":12,"h_offset":0,"inset":false,"enable":true,"color":{"color":"rgba(34, 56, 101, 0.04)"}},"boxed_content_spacing":{"desktop":{"top":"40px","bottom":"40px","left":"40px","right":"40px","linked":true},"tablet":{"top":"35px","bottom":"35px","left":"35px","right":"35px","linked":true},"mobile":{"top":"20px","bottom":"20px","left":"20px","right":"20px","linked":true}},"content_boxed_radius":{"top":"3px","bottom":"3px","left":"3px","right":"3px","linked":true},"186775d4db324f001443407e74091c18":"","disable_featured_image":"no","disable_header":"no","disable_footer":"no","3362fce584b6b65e034982e7e4538238":"","header_footer_scripts_panel":"","header_scripts":"","2a28049eafd03619117a25cbf8903622":"","header_after_body_scripts":"","38ebd037f50252ff657ba92aa3c542ce":"","footer_scripts":"","styles_descriptor":{"styles":{"desktop":"[data-prefix=\"single_page\"] .entry-header .page-title {--theme-font-size:32px;} [data-prefix=\"single_page\"] .entry-header .entry-meta {--theme-font-weight:600;--theme-text-transform:uppercase;--theme-font-size:12px;--theme-line-height:1.3;} [data-prefix=\"single_page\"] .entry-header .ct-breadcrumbs {--theme-font-weight:600;--theme-text-transform:uppercase;--theme-font-size:12px;} [data-prefix=\"single_page\"] .hero-section[data-type=\"type-2\"] {background-color:var(--theme-palette-color-1);background-image:none;--container-padding:50px 0;}","tablet":"[data-prefix=\"single_page\"] .entry-header .page-title {--theme-font-size:30px;}","mobile":"[data-prefix=\"single_page\"] .entry-header .page-title {--theme-font-size:25px;}"},"google_fonts":[],"version":6},"0ebe7477b1dff2a8f2eb5cfb83123f7d":"","b2895b705badb9e419932b169ee70850":"","55b65e3a8b4a91cfa881cb3ee934581a":"","4a999bab5a38a93569d6ae90f0141157":"","14115da8c1437dd78f5a12f8af311a18":"","96b120a4183a80d87a2fdb7dba790b10":"","page_meta_button_type_font_colors":{"default":{"color":"CT_CSS_SKIP_RULEDEFAULT"},"hover":{"color":"CT_CSS_SKIP_RULEDEFAULT"}},"page_meta_button_type_background_colors":{"default":{"color":"CT_CSS_SKIP_RULEDEFAULT"},"hover":{"color":"CT_CSS_SKIP_RULEDEFAULT"}},"cdb7fea5350af78d12562af8262ccd53":"","1c293844696c6cbeb59d57ae09f54983":"","ec461cbc120d1cdcc7881955e518d20a":"","cbdb36f2b1904b7375aea93019d260be":"","3eea19289340503cec535680fe403f17":"","6e31b40961f6bfda6376f374809e0eeb":"","e9840e6709c9578a0a4bba3188e8be87":"","content_style_source":"inherit","e7c827856546f5fd05eafbc7dcc8bf78":""},"jetpack-related-posts":[],"jetpack_likes_enabled":true,"jetpack_shortlink":"https:\/\/wp.me\/Pd6iGp-1he","jetpack_sharing_enabled":true,"brizy_media":[],"_links":{"self":[{"href":"https:\/\/www.naama-bijoux.fr\/index.php\/wp-json\/wp\/v2\/pages\/4912","targetHints":{"allow":["GET"]}}],"collection":[{"href":"https:\/\/www.naama-bijoux.fr\/index.php\/wp-json\/wp\/v2\/pages"}],"about":[{"href":"https:\/\/www.naama-bijoux.fr\/index.php\/wp-json\/wp\/v2\/types\/page"}],"author":[{"embeddable":true,"href":"https:\/\/www.naama-bijoux.fr\/index.php\/wp-json\/wp\/v2\/users\/1"}],"replies":[{"embeddable":true,"href":"https:\/\/www.naama-bijoux.fr\/index.php\/wp-json\/wp\/v2\/comments?post=4912"}],"version-history":[{"count":30,"href":"https:\/\/www.naama-bijoux.fr\/index.php\/wp-json\/wp\/v2\/pages\/4912\/revisions"}],"predecessor-version":[{"id":10759,"href":"https:\/\/www.naama-bijoux.fr\/index.php\/wp-json\/wp\/v2\/pages\/4912\/revisions\/10759"}],"up":[{"embeddable":true,"href":"https:\/\/www.naama-bijoux.fr\/index.php\/wp-json\/wp\/v2\/pages\/17"}],"wp:featuredmedia":[{"embeddable":true,"href":"https:\/\/www.naama-bijoux.fr\/index.php\/wp-json\/wp\/v2\/media\/3353"}],"wp:attachment":[{"href":"https:\/\/www.naama-bijoux.fr\/index.php\/wp-json\/wp\/v2\/media?parent=4912"}],"curies":[{"name":"wp","href":"https:\/\/api.w.org\/{rel}","templated":true}]}}