{"id":365,"date":"2020-03-10T21:16:55","date_gmt":"2020-03-10T21:16:55","guid":{"rendered":"https:\/\/demo.creativethemes.com\/blocksy\/modern-shop\/?page_id=3"},"modified":"2021-03-04T14:36:33","modified_gmt":"2021-03-04T13:36:33","slug":"politique-de-confidentialite","status":"publish","type":"page","link":"https:\/\/www.naama-bijoux.fr\/index.php\/politique-de-confidentialite\/","title":{"rendered":"Politique de confidentialit\u00e9"},"content":{"rendered":"\n<h2 class=\"wp-block-heading\">Qui nous sommes<\/h2>\n\n\n\n<p>L&rsquo;adresse de notre site Web est: <a href=\"https:\/\/www.naama-bijoux.fr\/\">https:\/\/www.naama-bijoux.fr\/<\/a>.<\/p>\n\n\n\n<h2 class=\"wp-block-heading\">Quelles donn\u00e9es personnelles nous collectons et pourquoi nous les collectons<\/h2>\n\n\n\n<h3 class=\"wp-block-heading\">commentaires<\/h3>\n\n\n\n<p>Lorsque les visiteurs laissent des commentaires sur le site, nous collectons les donn\u00e9es affich\u00e9es dans le formulaire de commentaires, ainsi que l&rsquo;adresse IP du visiteur et la cha\u00eene de l&rsquo;agent utilisateur du navigateur pour aider \u00e0 la d\u00e9tection du spam.<\/p>\n\n\n\n<p>Une cha\u00eene anonyme cr\u00e9\u00e9e \u00e0 partir de votre adresse e-mail (\u00e9galement appel\u00e9e hachage) peut \u00eatre fournie au service Gravatar pour voir si vous l&rsquo;utilisez.&nbsp;La politique de confidentialit\u00e9 du service Gravatar est disponible ici: https:\/\/automattic.com\/privacy\/.&nbsp;Apr\u00e8s approbation de votre commentaire, votre photo de profil est visible par le public dans le contexte de votre commentaire.<\/p>\n\n\n\n<h3 class=\"wp-block-heading\">Media<\/h3>\n\n\n\n<p>Si vous t\u00e9l\u00e9chargez des images sur le site Web, vous devez \u00e9viter de t\u00e9l\u00e9charger des images avec des donn\u00e9es de localisation int\u00e9gr\u00e9es (EXIF GPS) incluses. Les visiteurs du site Web peuvent t\u00e9l\u00e9charger et extraire toutes les donn\u00e9es de localisation des images du site Web.<\/p>\n\n\n\n<h3 class=\"wp-block-heading\">Formulaires de contact<\/h3>\n\n\n\n<h3 class=\"wp-block-heading\">Cookies<\/h3>\n\n\n\n<p>Si vous laissez un commentaire sur notre site, vous pouvez choisir d&rsquo;enregistrer votre nom, votre adresse e-mail et votre site Web dans les cookies.&nbsp;Celles-ci sont pour votre commodit\u00e9 afin que vous n&rsquo;ayez pas \u00e0 remplir \u00e0 nouveau vos coordonn\u00e9es lorsque vous laissez un autre commentaire.&nbsp;Ces cookies dureront un an.<\/p>\n\n\n\n<p>Si vous visitez notre page de connexion, nous installerons un cookie temporaire pour d\u00e9terminer si votre navigateur accepte les cookies.&nbsp;Ce cookie ne contient aucune donn\u00e9e personnelle et est supprim\u00e9 lorsque vous fermez votre navigateur.<\/p>\n\n\n\n<p>Lorsque vous vous connectez, nous mettrons \u00e9galement en place plusieurs cookies pour enregistrer vos informations de connexion et vos choix d&rsquo;affichage \u00e0 l&rsquo;\u00e9cran.&nbsp;Les cookies de connexion durent deux jours et les cookies d&rsquo;options d&rsquo;\u00e9cran durent un an.&nbsp;Si vous s\u00e9lectionnez \u00ab\u00a0Se souvenir de moi\u00a0\u00bb, votre connexion persistera pendant deux semaines.&nbsp;Si vous vous d\u00e9connectez de votre compte, les cookies de connexion seront supprim\u00e9s.<\/p>\n\n\n\n<p>Si vous modifiez ou publiez un article, un cookie suppl\u00e9mentaire sera enregistr\u00e9 dans votre navigateur.\u00a0Ce cookie ne contient aucune donn\u00e9e personnelle et indique simplement l&rsquo;ID de publication de l&rsquo;article que vous venez de modifier.\u00a0Il expire apr\u00e8s 1 jour.<\/p>\n\n\n\n<p>Pour en savoir plus consultez notre page <a href=\"https:\/\/www.naama-bijoux.fr\/wp-admin\/post.php?post=2087&amp;action=edit\">Politique de cookies (UE)<\/a><\/p>\n\n\n\n<h3 class=\"wp-block-heading\">Contenu int\u00e9gr\u00e9 d&rsquo;autres sites Web<\/h3>\n\n\n\n<p>Les articles de ce site peuvent inclure du contenu int\u00e9gr\u00e9 (par exemple des vid\u00e9os, des images, des articles, etc.).&nbsp;Le contenu int\u00e9gr\u00e9 d&rsquo;autres sites Web se comporte exactement de la m\u00eame mani\u00e8re que si le visiteur avait visit\u00e9 l&rsquo;autre site Web.<\/p>\n\n\n\n<p>Ces sites Web peuvent collecter des donn\u00e9es \u00e0 votre sujet, utiliser des cookies, int\u00e9grer un suivi tiers suppl\u00e9mentaire et surveiller votre interaction avec ce contenu int\u00e9gr\u00e9, y compris le suivi de votre interaction avec le contenu int\u00e9gr\u00e9 si vous avez un compte et \u00eates connect\u00e9 \u00e0 ce site Web.<\/p>\n\n\n\n<h2 class=\"wp-block-heading\">Avec qui partageons-nous vos donn\u00e9es<\/h2>\n\n\n\n<h2 class=\"wp-block-heading\">Combien de temps nous conservons vos donn\u00e9es<\/h2>\n\n\n\n<p>Si vous laissez un commentaire, le commentaire et ses m\u00e9tadonn\u00e9es sont conserv\u00e9s ind\u00e9finiment.&nbsp;C&rsquo;est ainsi que nous pouvons reconna\u00eetre et approuver automatiquement tous les commentaires de suivi au lieu de les conserver dans une file d&rsquo;attente de mod\u00e9ration.<\/p>\n\n\n\n<p>Pour les utilisateurs qui s&rsquo;inscrivent sur notre site Web (le cas \u00e9ch\u00e9ant), nous stockons \u00e9galement les informations personnelles qu&rsquo;ils fournissent dans leur profil d&rsquo;utilisateur.&nbsp;Tous les utilisateurs peuvent voir, modifier ou supprimer leurs informations personnelles \u00e0 tout moment (sauf qu&rsquo;ils ne peuvent pas changer leur nom d&rsquo;utilisateur).&nbsp;Les administrateurs du site Web peuvent \u00e9galement voir et modifier ces informations.<\/p>\n\n\n\n<h2 class=\"wp-block-heading\">Quels droits vous avez sur vos donn\u00e9es<\/h2>\n\n\n\n<p>Si vous avez un compte sur ce site, ou avez laiss\u00e9 des commentaires, vous pouvez demander \u00e0 recevoir un fichier export\u00e9 des donn\u00e9es personnelles que nous d\u00e9tenons \u00e0 votre sujet, y compris les donn\u00e9es que vous nous avez fournies.&nbsp;Vous pouvez \u00e9galement demander que nous effacions toutes les donn\u00e9es personnelles que nous d\u00e9tenons \u00e0 votre sujet.&nbsp;Cela n&rsquo;inclut pas les donn\u00e9es que nous sommes oblig\u00e9s de conserver \u00e0 des fins administratives, juridiques ou de s\u00e9curit\u00e9.<\/p>\n\n\n\n<h2 class=\"wp-block-heading\">O\u00f9 nous envoyons vos donn\u00e9es<\/h2>\n\n\n\n<p>Les commentaires des visiteurs peuvent \u00eatre v\u00e9rifi\u00e9s via un service automatis\u00e9 de d\u00e9tection de spam.<\/p>\n\n\n\n<h2 class=\"wp-block-heading\">Vos coordonn\u00e9es<\/h2>\n\n\n\n<h2 class=\"wp-block-heading\">Information additionnelle<\/h2>\n\n\n\n<h3 class=\"wp-block-heading\">Comment nous prot\u00e9geons vos donn\u00e9es<\/h3>\n\n\n\n<h3 class=\"wp-block-heading\">Quelles proc\u00e9dures de violation de donn\u00e9es nous avons en place<\/h3>\n\n\n\n<h3 class=\"wp-block-heading\">De quels tiers nous recevons des donn\u00e9es<\/h3>\n\n\n\n<h3 class=\"wp-block-heading\">Quelle prise de d\u00e9cision automatis\u00e9e et \/ ou profilage nous faisons avec les donn\u00e9es des utilisateurs<\/h3>\n\n\n\n<h3 class=\"wp-block-heading\">Exigences de divulgation r\u00e9glementaires de l&rsquo;industrie<\/h3>\n\n\n\n<p>Nous collectons des informations lors de la validation de commande sur notre boutique.<\/p>\n\n\n\n<h2 class=\"wp-block-heading\">Ce que nous collectons et stockons<\/h2>\n\n\n\n<p>Pendant votre visite du site, nous suivons&nbsp;:<\/p>\n\n\n\n<ul class=\"wp-block-list\"><li>Produits que vous avez vu&nbsp;: nous les utilisons pour, par exemple, afficher des produits que vous avez r\u00e9cemment vu<\/li><li>Localisation, adresse IP et type de navigateur&nbsp;: nous les utilisons pour l\u2018estimation des taxes et frais de port<\/li><li>Adresse de livraison&nbsp;: nous vous demanderons de la saisir pour estimer les frais d\u2019exp\u00e9dition avant que vous passiez commande, et pour vous envoyer la commande&nbsp;!<\/li><\/ul>\n\n\n\n<p>Nous utilisons des cookies pour suivre les contenus du panier pendant que vous naviguez sur notre site.<\/p>\n\n\n\n<p>Quand vous achetez sur notre site web, nous vous demanderons de fournir des informations incluant votre nom, adresse de facturation, adresse de livraison, adresse de messagerie, num\u00e9ro de t\u00e9l\u00e9phone, donn\u00e9es de paiement \/ carte bancaire et \u00e9ventuellement les donn\u00e9es du compte tel que l\u2019identifiant et le mot de passe. Ces informations seront utilis\u00e9es pour&nbsp;:<\/p>\n\n\n\n<ul class=\"wp-block-list\"><li>Envoie de l\u2019information \u00e0 propos de votre compte et commande<\/li><li>R\u00e9pondre aux demandes, incluant les remboursements et plaintes<\/li><li>Traitement des paiements et pr\u00e9vention de la fraude<\/li><li>Configurez votre compte pour notre boutique<\/li><li>Se conformer avec toute obligation l\u00e9gale, telle que le calcul des taxes<\/li><li>Am\u00e9liorer les offres de notre boutique<\/li><li>Vous envoyer des messages marketing, si vous choisissez d\u2019en recevoir<\/li><\/ul>\n\n\n\n<p>Si vous cr\u00e9ez un compte, nous stockons votre nom, adresse, e-mail, et num\u00e9ro de t\u00e9l\u00e9phone, qui sera utilis\u00e9 pour pr\u00e9remplir la validation de commande pour les prochaines commandes.<\/p>\n\n\n\n<p>Nous stockons g\u00e9n\u00e9ralement vos informations aussi longtemps que nous en avons besoin pour l\u2019usage pour lequel nous les collectons et utilisons, et nous ne sommes pas oblig\u00e9s l\u00e9galement de continuer \u00e0 les conserver. Par exemple, nous stockons les informations de commande pour XXX ann\u00e9es pour les taxes et la comptabilit\u00e9. Ceci inclut votre nom, e-mail et adresses de facturation et livraison.<\/p>\n\n\n\n<p>Nous stockons aussi les commentaires ou avis, si vous choisissez d\u2019en envoyer.<\/p>\n\n\n\n<h2 class=\"wp-block-heading\">Qui de notre \u00e9quipe a acc\u00e8s aux donn\u00e9es<\/h2>\n\n\n\n<p>Les membres de notre \u00e9quipe ont acc\u00e8s aux informations que vous nous fournissez. Par exemple, les administrateurs et g\u00e9rants de boutique ont acc\u00e8s&nbsp;:<\/p>\n\n\n\n<ul class=\"wp-block-list\"><li>Information de commande tel que ce qui a \u00e9t\u00e9 achet\u00e9, quand et o\u00f9 cela doit \u00eatre envoy\u00e9, et<\/li><li>Information client tel que votre nom, adresse de messagerie et informations de facturation et livraison.<\/li><\/ul>\n\n\n\n<p>Notre \u00e9quipe a acc\u00e8s \u00e0 ces informations pour tra\u00eeter les commandes, effectuer les remboursements et vous aider.<\/p>\n\n\n\n<h2 class=\"wp-block-heading\">Ce que nous partageons avec d\u2019autres<\/h2>\n\n\n\n<p>Nous partageons des donn\u00e9es avec des tiers qui nous aident \u00e0 g\u00e9rer nos commandes et services de la boutique; par exemple &#8212;<\/p>\n\n\n\n<h3 class=\"wp-block-heading\">Paiements<\/h3>\n\n\n\n<p>Nous acceptons les paiements par PayPal. Lors du traitement des paiements, certains donn\u00e9es seront transmises \u00e0 PayPal, incluant l\u2019information obligatoires \u00e0 l\u2019ex\u00e9cution du paiement, tel que le montant total ou les informations de facturation.<\/p>\n\n\n\n<p>Veuillez lire la&nbsp;<a href=\"https:\/\/www.paypal.com\/us\/webapps\/mpp\/ua\/privacy-full\">politique de confidentialit\u00e9 de PayPal<\/a>&nbsp;pour plus de d\u00e9tails.<\/p>\n","protected":false},"excerpt":{"rendered":"<p>Qui nous sommes L&rsquo;adresse de notre site Web est: https:\/\/www.naama-bijoux.fr\/. Quelles donn\u00e9es personnelles nous collectons et pourquoi nous les collectons commentaires Lorsque les visiteurs laissent des commentaires sur le site, nous collectons les donn\u00e9es affich\u00e9es dans le formulaire de commentaires, ainsi que l&rsquo;adresse IP du visiteur et la cha\u00eene de l&rsquo;agent utilisateur du navigateur pour [&hellip;]<\/p>\n","protected":false},"author":1,"featured_media":0,"parent":0,"menu_order":0,"comment_status":"closed","ping_status":"open","template":"","meta":{"advanced_seo_description":"","jetpack_seo_html_title":"","jetpack_seo_noindex":false,"jetpack_post_was_ever_published":false,"footnotes":""},"class_list":["post-365","page","type-page","status-publish","hentry"],"blocksy_meta":{"styles_descriptor":{"styles":{"desktop":"","tablet":"","mobile":""},"google_fonts":[],"version":6}},"jetpack-related-posts":[],"jetpack_likes_enabled":true,"jetpack_shortlink":"https:\/\/wp.me\/Pd6iGp-5T","jetpack_sharing_enabled":true,"brizy_media":[],"_links":{"self":[{"href":"https:\/\/www.naama-bijoux.fr\/index.php\/wp-json\/wp\/v2\/pages\/365","targetHints":{"allow":["GET"]}}],"collection":[{"href":"https:\/\/www.naama-bijoux.fr\/index.php\/wp-json\/wp\/v2\/pages"}],"about":[{"href":"https:\/\/www.naama-bijoux.fr\/index.php\/wp-json\/wp\/v2\/types\/page"}],"author":[{"embeddable":true,"href":"https:\/\/www.naama-bijoux.fr\/index.php\/wp-json\/wp\/v2\/users\/1"}],"replies":[{"embeddable":true,"href":"https:\/\/www.naama-bijoux.fr\/index.php\/wp-json\/wp\/v2\/comments?post=365"}],"version-history":[{"count":4,"href":"https:\/\/www.naama-bijoux.fr\/index.php\/wp-json\/wp\/v2\/pages\/365\/revisions"}],"predecessor-version":[{"id":2091,"href":"https:\/\/www.naama-bijoux.fr\/index.php\/wp-json\/wp\/v2\/pages\/365\/revisions\/2091"}],"wp:attachment":[{"href":"https:\/\/www.naama-bijoux.fr\/index.php\/wp-json\/wp\/v2\/media?parent=365"}],"curies":[{"name":"wp","href":"https:\/\/api.w.org\/{rel}","templated":true}]}}