{"id":1376,"date":"2021-02-12T23:34:54","date_gmt":"2021-02-12T22:34:54","guid":{"rendered":"https:\/\/dahan-bijoux.com\/?page_id=1376"},"modified":"2026-04-07T15:58:52","modified_gmt":"2026-04-07T13:58:52","slug":"parures","status":"publish","type":"page","link":"https:\/\/www.naama-bijoux.fr\/index.php\/shop\/parures\/","title":{"rendered":"Parures"},"content":{"rendered":"<div class=\"brz-root__container brz-reset-all brz brz-root__container-page\">\n<section id=\"_hiulmmyaswgrjkpuvmyiyulpsohohjykjdpj\" class=\"brz-section brz-css-102ant1\">\n<div class=\"brz-section__content brz-section--boxed brz-css-3eo2su brz-css-hz1e5k\" data-brz-custom-id=\"pmqakzjdsacbrzlvctmrvxoguiglypumtqyz\">\n<div class=\"brz-container brz-css-ghoih0 brz-css-dne69j\">\n<div id=\"\" class=\"brz-css-zyqb7m brz-wrapper\">\n<div class=\"brz-woo-pages brz-css-hqmq8a\" data-brz-custom-id=\"nkzjizyerheyteccmmvxfiwhgtvqnquzpjza\">\n<div class=\"brz-woo-page\"><\/div>\n<\/div>\n<\/div>\n<\/div>\n<\/div>\n<\/section>\n<section id=\"_irdmlsqiwrmjlnttmvscleagyutybriwicxs\" class=\"brz-section brz-css-102ant1\">\n<div class=\"brz-section__content brz-section--boxed brz-css-3eo2su brz-css-11lpbvi\" data-brz-custom-id=\"xwchnlaccehizyairduaydbdhwrwnomfviic\">\n<div class=\"brz-container brz-css-ghoih0 brz-css-1qtegq\">\n<div id=\"\" class=\"brz-css-zyqb7m brz-wrapper\">\n<div class=\"brz-rich-text brz-rich-text__custom brz-css-1hdwf2p\" data-brz-custom-id=\"nivdklrxupkazgbwmhofjmetyeuqeagsbaro\">\n<div data-brz-translate-text=\"1\">\n<p class=\"brz-lh-lg-1_7 brz-lh-sm-im-1_6 brz-lh-xs-im-1_5 brz-fs-lg-17 brz-fs-sm-im-17 brz-fs-xs-im-16 brz-ls-lg-0 brz-ls-sm-im-0 brz-ls-xs-im-0 brz-ff-noto_serif brz-ft-google brz-fw-lg-400 brz-fw-sm-im-400 brz-fw-xs-im-400 brz-css-onYDc\"><strong class=\"brz-cp-color7\">VOIR LES AUTRES COLLECTIONS<\/strong><span class=\"brz-cp-color7\"> NAAMA BIJOUX<\/span><\/p>\n<\/div>\n<\/div>\n<\/div>\n<div class=\"brz-row__container brz-css-1q7lvb5\" data-brz-custom-id=\"zqotthmlbodiqvwnxtchylstkgihwhqqdkza\">\n<div class=\"brz-bg\"><\/div>\n<div class=\"brz-row brz-css-gas28l brz-css-xj740u\">\n<div class=\"brz-columns brz-css-1kvsc6h brz-css-1suvhgr\" data-brz-custom-id=\"swraegxhfeunnbwajschdftqtfcuvfqycozn\">\n<div class=\"brz-bg\"><\/div>\n<div class=\"brz-column__items brz-css-59vlw4\">\n<div id=\"\" class=\"brz-css-zyqb7m brz-css-1r67h4q brz-wrapper\">\n<div class=\"brz-image brz-css-1v4yv7o\" data-brz-custom-id=\"qppvrawhwkveouuzcgwshrbkljsjyvrxdimx\"><a class=\"brz-a\" href=\"https:\/\/www.naama-bijoux.fr\/index.php\/shop\/collections\/bijoux-fantaisies\/\" target=\"_self\" rel=\"noopener\" data-brz-link-type=\"external\"><img data-recalc-dims=\"1\" decoding=\"async\" class=\"brz-img\" src=\"https:\/\/i0.wp.com\/www.naama-bijoux.fr\/wp-content\/uploads\/brizy\/imgs\/20210307_1832530.8706276968596246-321x321x0x40x321x241x1718145663.png?w=1290&#038;ssl=1\" alt=\"\" loading=\"lazy\"><\/a><\/div>\n<\/div>\n<\/div>\n<\/div>\n<div class=\"brz-columns brz-css-1kvsc6h brz-css-15vihb8\" data-brz-custom-id=\"mgqtddlzvkirliwnxxvggnekplmzvnwebsob\">\n<div class=\"brz-bg\"><\/div>\n<div class=\"brz-column__items brz-css-59vlw4 brz-css-1p83q5i\">\n<div id=\"\" class=\"brz-css-zyqb7m brz-wrapper\">\n<div class=\"brz-image brz-css-650odz\" data-brz-custom-id=\"tkwcuouklfnrsjudfwwqxmxynmdqwugurzsj\"><a class=\"brz-a\" href=\"https:\/\/www.naama-bijoux.fr\/index.php\/shop\/collections\/pieces-uniques\/\" target=\"_self\" rel=\"noopener\" data-brz-link-type=\"external\"><img data-recalc-dims=\"1\" decoding=\"async\" class=\"brz-img\" src=\"https:\/\/i0.wp.com\/www.naama-bijoux.fr\/wp-content\/uploads\/brizy\/imgs\/bijoux-pieces-uniques-naama-bijoux-321x321x0x40x321x241x1718145661.png?w=1290&#038;ssl=1\" alt=\"\" loading=\"lazy\"><\/a><\/div>\n<\/div>\n<\/div>\n<\/div>\n<\/div>\n<\/div>\n<\/div>\n<\/div>\n<\/section>\n<\/div>\n<p>    <!-- version:1736960696 --><\/p>\n","protected":false},"excerpt":{"rendered":"<p>Sublimez vos tenues !<br \/>\nNaama bijoux vous propose une s\u00e9lection unique d&rsquo;ensembles de bijoux assortis pour les femmes. Chaque pi\u00e8ce est unique, de diff\u00e9rents styles et r\u00e9alis\u00e9e de fa\u00e7on instinctive. Des bijoux de qualit\u00e9 artisanal, alliant esth\u00e9tique \u00e9thique \u00e9cologique et savoir-faire \u00e0 un prix abordable, achetez maintenant !<\/p>\n","protected":false},"author":1,"featured_media":3344,"parent":17,"menu_order":0,"comment_status":"closed","ping_status":"closed","template":"","meta":{"advanced_seo_description":"","jetpack_seo_html_title":"","jetpack_seo_noindex":false,"jetpack_post_was_ever_published":false,"footnotes":""},"class_list":["post-1376","page","type-page","status-publish","has-post-thumbnail","hentry"],"blocksy_meta":{"page_title_panel":"","has_hero_section":"enabled","e78801c271937ea8c3591f893878d1e8":"","hero_section":"type-2","hero_elements":[{"id":"custom_title","enabled":true,"heading_tag":"h1","title":"Accueil","__id":"vM54J3QLHB6edh6-eEgrr"},{"id":"custom_description","enabled":true,"description_visibility":{"desktop":true,"tablet":true,"mobile":false},"__id":"bb3dLSC1RrkNDOaPCuOSK"},{"id":"custom_meta","enabled":false,"meta_elements":[{"id":"author","enabled":true,"label":"Par","has_author_avatar":"yes","avatar_size":25},{"id":"post_date","enabled":true,"label":"Sur","date_format_source":"default","date_format":"M j, Y"},{"id":"comments","enabled":true}],"page_meta_elements":{"joined":true,"articles_count":true,"comments":true},"__id":"7DrtJioGFzowF1sTdzDta"},{"id":"breadcrumbs","enabled":true,"__id":"zXqt0I9GW7tYEdOrgjvlF"}],"90a718225d8c29a62a06c28b1e825390":"","hero_alignment1":"left","hero_margin":{"desktop":50,"tablet":30,"mobile":30},"hero_alignment2":"center","hero_vertical_alignment":"center","1c745d632033f1e45c0f98e54209678d":"","hero_structure":"narrow","4c795fdd4a533f5820998e0e842abbb6":"","page_title_bg_type":"custom_image","custom_hero_background":{"attachment_id":null},"parallax":{"desktop":false,"tablet":false,"mobile":false},"32b36bd3220f67c86b8bb45888ba45df":"","hero_height":"250px","pageTitleFont":{"family":"Default","variation":"Default","size":{"desktop":"32px","tablet":"30px","mobile":"25px"},"line-height":"CT_CSS_SKIP_RULE","letter-spacing":"CT_CSS_SKIP_RULE","text-transform":"CT_CSS_SKIP_RULE","text-decoration":"CT_CSS_SKIP_RULE"},"pageTitleFontColor":{"default":{"color":"CT_CSS_SKIP_RULEDEFAULT"}},"pageMetaFont":{"family":"Default","variation":"n6","size":"12px","line-height":"1.3","letter-spacing":"CT_CSS_SKIP_RULE","text-transform":"uppercase","text-decoration":"CT_CSS_SKIP_RULE"},"pageMetaFontColor":{"default":{"color":"CT_CSS_SKIP_RULEDEFAULT"},"hover":{"color":"CT_CSS_SKIP_RULEDEFAULT"}},"pageExcerptFont":{"family":"Default","variation":"Default","size":"CT_CSS_SKIP_RULE","line-height":"CT_CSS_SKIP_RULE","letter-spacing":"CT_CSS_SKIP_RULE","text-transform":"CT_CSS_SKIP_RULE","text-decoration":"CT_CSS_SKIP_RULE"},"pageExcerptColor":{"default":{"color":"var(--theme-palette-color-4)"}},"breadcrumbsFont":{"family":"Default","variation":"n6","size":"12px","line-height":"CT_CSS_SKIP_RULE","letter-spacing":"CT_CSS_SKIP_RULE","text-transform":"uppercase","text-decoration":"CT_CSS_SKIP_RULE"},"breadcrumbsFontColor":{"default":{"color":"CT_CSS_SKIP_RULEDEFAULT"},"initial":{"color":"CT_CSS_SKIP_RULEDEFAULT"},"hover":{"color":"CT_CSS_SKIP_RULEDEFAULT"}},"pageTitleOverlay":{"background_type":"color","background_pattern":"type-1","background_image":{"attachment_id":null,"x":0,"y":0},"gradient":"linear-gradient(135deg,rgba(6,147,227,1) 0%,rgb(155,81,224) 100%)","background_repeat":"repeat","background_size":"auto","background_attachment":"scroll","patternColor":{"default":{"color":"#e5e7ea"}},"overlayColor":{"default":{"color":"CT_CSS_SKIP_RULE"}},"backgroundColor":{"default":{"color":"CT_CSS_SKIP_RULE"}},"default":{"color":"CT_CSS_SKIP_RULE"}},"pageTitleBackground":{"background_type":"color","background_pattern":"type-1","background_image":{"attachment_id":null,"x":0,"y":0},"gradient":"linear-gradient(to right, #fa709a 0%, #fee140 100%)","background_repeat":"no-repeat","background_size":"auto","background_attachment":"scroll","patternColor":{"default":{"color":"#e5e7ea"}},"overlayColor":{"default":{"color":"CT_CSS_SKIP_RULE"}},"backgroundColor":{"default":{"color":"var(--theme-palette-color-1)"}}},"pageTitlePadding":{"top":"50px","bottom":"50px","left":"auto","right":"auto","linked":true},"4dcc94e88c41b0bdfe24591305f12e1e":"","page_structure_type":"default","content_style":"inherit","vertical_spacing_source":"inherit","content_area_spacing":"both","background":{"background_type":"color","background_pattern":"type-1","background_image":{"attachment_id":null,"x":0,"y":0},"gradient":"linear-gradient(135deg,rgba(6,147,227,1) 0%,rgb(155,81,224) 100%)","background_repeat":"no-repeat","background_size":"auto","background_attachment":"scroll","patternColor":{"default":{"color":"#e5e7ea"}},"overlayColor":{"default":{"color":"CT_CSS_SKIP_RULE"}},"backgroundColor":{"default":{"color":"CT_CSS_SKIP_RULE"}}},"content_background":{"background_type":"color","background_pattern":"type-1","background_image":{"attachment_id":null,"x":0,"y":0},"gradient":"linear-gradient(135deg,rgba(6,147,227,1) 0%,rgb(155,81,224) 100%)","background_repeat":"no-repeat","background_size":"auto","background_attachment":"scroll","patternColor":{"default":{"color":"#e5e7ea"}},"overlayColor":{"default":{"color":"CT_CSS_SKIP_RULE"}},"backgroundColor":{"default":{"color":"#ffffff"}}},"content_boxed_shadow":{"inherit":false,"blur":18,"spread":-6,"v_offset":12,"h_offset":0,"inset":false,"enable":true,"color":{"color":"rgba(34, 56, 101, 0.04)"}},"boxed_content_spacing":{"desktop":{"top":"40px","bottom":"40px","left":"40px","right":"40px","linked":true},"tablet":{"top":"35px","bottom":"35px","left":"35px","right":"35px","linked":true},"mobile":{"top":"20px","bottom":"20px","left":"20px","right":"20px","linked":true}},"content_boxed_radius":{"top":"3px","bottom":"3px","left":"3px","right":"3px","linked":true},"f9bc7196bfaf2bb824351521fa9c0c4b":"","disable_featured_image":"yes","disable_header":"no","disable_footer":"no","eb9c990cd5757811fed132b6451f2f11":"","82e117230aa1e53ee3c4a00974d067a2":"","3fad086d71e3d2caffa3237ff663a337":"","341d61123aea100b02e98275face6c48":"","ec67eff629d7d5d92031835c234e57f0":"","15683254014cc7bd6e457369b0bd4b22":"","e5d7a597eaa5114e70228d805546560e":"","0ba6084c1aa6502862ec03aa4fd8c687":"","6628eb67752204a4218ea239d7ec5555":"","73d6bdc0e04fb5cfd29d56f7e79d7d19":"","71a802e92aacab71ebcaaf10ebc5e11f":"","b99ac7fead88abcfc9504a7af3613b3c":"","3ed0f446c43658aa1a20894d3b83f70a":"","4d1ebaa058f273078ed85fc13055239c":"","styles_descriptor":{"styles":{"desktop":"[data-prefix=\"single_page\"] .entry-header .page-title {--theme-font-size:32px;} [data-prefix=\"single_page\"] .entry-header .entry-meta {--theme-font-weight:600;--theme-text-transform:uppercase;--theme-font-size:12px;--theme-line-height:1.3;} [data-prefix=\"single_page\"] .entry-header .page-description {--theme-text-color:var(--theme-palette-color-4);} [data-prefix=\"single_page\"] .entry-header .ct-breadcrumbs {--theme-font-weight:600;--theme-text-transform:uppercase;--theme-font-size:12px;} [data-prefix=\"single_page\"] .hero-section[data-type=\"type-2\"] {background-color:var(--theme-palette-color-1);background-image:none;--container-padding:50px 0;}","tablet":"[data-prefix=\"single_page\"] .entry-header .page-title {--theme-font-size:30px;}","mobile":"[data-prefix=\"single_page\"] .entry-header .page-title {--theme-font-size:25px;}"},"google_fonts":[],"version":6},"350ea96d587e68029c667a5d949f863d":"","507fcbc0f946a6de514ea8bffea7712c":"","f7b6231f2f07d1f7588d73e2f5c22ddf":"","a6117741142652dc575570e23659f8ee":"","83f34b470982b6b663381b021b41f78a":"","page_meta_button_type_font_colors":{"default":{"color":"CT_CSS_SKIP_RULEDEFAULT"},"hover":{"color":"CT_CSS_SKIP_RULEDEFAULT"}},"page_meta_button_type_background_colors":{"default":{"color":"CT_CSS_SKIP_RULEDEFAULT"},"hover":{"color":"CT_CSS_SKIP_RULEDEFAULT"}},"941f8d4efa099bc0245b613a1b29c0ea":"","b53ef9e077c2564b1ea331b86dee10c0":"","content_style_source":"inherit","e244b07f868ed4bc260aa2d4cd31aa30":"","9cb84f5ed06dffc72a5e9cec7f35dcf5":"","header_footer_scripts_panel":"","header_scripts":"","9d82414e0dbd7ea53fd304537bdc0955":"","header_after_body_scripts":"","bb8212388e470227812868cafa8b0cc2":"","footer_scripts":""},"jetpack-related-posts":[],"jetpack_likes_enabled":true,"jetpack_shortlink":"https:\/\/wp.me\/Pd6iGp-mc","jetpack_sharing_enabled":true,"brizy_media":[],"_links":{"self":[{"href":"https:\/\/www.naama-bijoux.fr\/index.php\/wp-json\/wp\/v2\/pages\/1376","targetHints":{"allow":["GET"]}}],"collection":[{"href":"https:\/\/www.naama-bijoux.fr\/index.php\/wp-json\/wp\/v2\/pages"}],"about":[{"href":"https:\/\/www.naama-bijoux.fr\/index.php\/wp-json\/wp\/v2\/types\/page"}],"author":[{"embeddable":true,"href":"https:\/\/www.naama-bijoux.fr\/index.php\/wp-json\/wp\/v2\/users\/1"}],"replies":[{"embeddable":true,"href":"https:\/\/www.naama-bijoux.fr\/index.php\/wp-json\/wp\/v2\/comments?post=1376"}],"version-history":[{"count":30,"href":"https:\/\/www.naama-bijoux.fr\/index.php\/wp-json\/wp\/v2\/pages\/1376\/revisions"}],"predecessor-version":[{"id":10765,"href":"https:\/\/www.naama-bijoux.fr\/index.php\/wp-json\/wp\/v2\/pages\/1376\/revisions\/10765"}],"up":[{"embeddable":true,"href":"https:\/\/www.naama-bijoux.fr\/index.php\/wp-json\/wp\/v2\/pages\/17"}],"wp:featuredmedia":[{"embeddable":true,"href":"https:\/\/www.naama-bijoux.fr\/index.php\/wp-json\/wp\/v2\/media\/3344"}],"wp:attachment":[{"href":"https:\/\/www.naama-bijoux.fr\/index.php\/wp-json\/wp\/v2\/media?parent=1376"}],"curies":[{"name":"wp","href":"https:\/\/api.w.org\/{rel}","templated":true}]}}